{"id":196,"date":"2024-02-28T12:20:11","date_gmt":"2024-02-28T11:20:11","guid":{"rendered":"https:\/\/www.med30.org\/sobre-med30\/"},"modified":"2025-03-25T11:09:03","modified_gmt":"2025-03-25T10:09:03","slug":"sobre-med30","status":"publish","type":"page","link":"https:\/\/www.med30.org\/ca\/","title":{"rendered":"Sobre Med30"},"content":{"rendered":"<section class=\"l-section wpb_row height_large full_height valign_center color_primary with_img parallax_ver with_shape\"><div class=\"l-section-img\" role=\"img\" aria-label=\"Imatge\" data-img-width=\"2000\" data-img-height=\"1500\" style=\"background-image: url(https:\/\/www.med30.org\/wp-content\/uploads\/2024\/06\/Posidonia_Miquel-Gomila-web.jpg);\"><\/div><div class=\"l-section-shape type_wave pos_bottom\" style=\"height:15vmin;\"><svg xmlns=\"http:\/\/www.w3.org\/2000\/svg\" viewBox=\"0 4 64 4\" preserveAspectRatio=\"none\" width=\"100%\" height=\"100%\">\r\n\t<path fill=\"currentColor\" d=\"M64 6 C32 0 32 12 0 6 L0 8 L64 8 Z\"\/>\r\n<\/svg><\/div><div class=\"l-section-h i-cf\"><div class=\"g-cols vc_row via_flex valign_top type_default stacking_default\"><div class=\"vc_col-sm-12 wpb_column vc_column_container\"><div class=\"vc_column-inner\"><div class=\"wpb_wrapper\"><h2 class=\"w-text us_custom_687a9be1 us_animate_this\"><span class=\"w-text-h\"><span class=\"w-text-value\">Treballam per protegir el Mediterrani<\/span><\/span><\/h2><div class=\"w-separator size_huge\"><\/div><div class=\"w-separator size_huge\"><\/div><\/div><\/div><\/div><\/div><\/div><\/section><section class=\"l-section wpb_row us_custom_f0f1b4ba height_huge with_shape\"><div class=\"l-section-overlay\" style=\"background:rgba(255,255,255,0.75)\"><\/div><div class=\"l-section-shape type_wave pos_bottom hor_flip\" style=\"height:15vmin;color:var(--color-header-middle-text-hover)\"><svg xmlns=\"http:\/\/www.w3.org\/2000\/svg\" viewBox=\"0 4 64 4\" preserveAspectRatio=\"none\" width=\"100%\" height=\"100%\">\r\n\t<path fill=\"currentColor\" d=\"M64 6 C32 0 32 12 0 6 L0 8 L64 8 Z\"\/>\r\n<\/svg><\/div><div class=\"l-section-h i-cf\"><div class=\"g-cols vc_row via_flex valign_middle type_default reversed\"><div class=\"vc_col-sm-2 wpb_column vc_column_container\"><div class=\"vc_column-inner us_custom_ff13c409 us_animate_this\"><div class=\"wpb_wrapper\"><\/div><\/div><\/div><div class=\"vc_col-sm-8 wpb_column vc_column_container\"><div class=\"vc_column-inner\"><div class=\"wpb_wrapper\"><div class=\"wpb_text_column us_custom_061e9f70 has_text_color us_animate_this\"><div class=\"wpb_wrapper\"><h4 style=\"text-align: center;\">MED30 treballa per aconseguir la protecci\u00f3 efectiva del 30% de la Mediterr\u00e0nia espanyola i que un 10% de les seves aig\u00fces siguin declarades espais marins amb categoria de protecci\u00f3 estricta abans de l&#8217;any 2030.<\/h4>\n<\/div><\/div><div class=\"w-separator size_huge\"><\/div><\/div><\/div><\/div><div class=\"vc_col-sm-2 wpb_column vc_column_container\"><div class=\"vc_column-inner\"><div class=\"wpb_wrapper\"><\/div><\/div><\/div><\/div><\/div><\/section><section class=\"l-section wpb_row height_large color_footer-top with_shape\"><div class=\"l-section-overlay\" style=\"background:#62B6F3\"><\/div><div class=\"l-section-shape type_wave pos_bottom\" style=\"height:15vmin;\"><svg xmlns=\"http:\/\/www.w3.org\/2000\/svg\" viewBox=\"0 4 64 4\" preserveAspectRatio=\"none\" width=\"100%\" height=\"100%\">\r\n\t<path fill=\"currentColor\" d=\"M64 6 C32 0 32 12 0 6 L0 8 L64 8 Z\"\/>\r\n<\/svg><\/div><div class=\"l-section-h i-cf\"><div class=\"g-cols vc_row via_flex valign_middle type_default reversed\"><div class=\"vc_col-sm-6 wpb_column vc_column_container\"><div class=\"vc_column-inner us_custom_9eba9c5b\"><div class=\"wpb_wrapper\"><div class=\"wpb_text_column us_custom_b9d201a0\"><div class=\"wpb_wrapper\"><h2>Qui som<\/h2>\n<p>Creada el 2023, la iniciativa MED30 t\u00e9 l&#8217;objectiu d&#8217;aconseguir la protecci\u00f3 efectiva del 30% del Mediterrani espanyol per a l&#8217;any 2030, amb un 10% de protecci\u00f3 estricta. \u00c9s a dir, una de cada deu hect\u00e0rees de mar ha d&#8217;estar lliure de pressions que comprometin la seva salut ambiental i suposin una amena\u00e7a per a la biodiversitat&#8230;<\/p>\n<\/div><\/div><div class=\"w-separator size_large\"><\/div><div class=\"w-btn-wrapper align_none\"><a class=\"w-btn us-btn-style_1\" href=\"https:\/\/www.med30.org\/ca\/qui-som\/\"><span class=\"w-btn-label\">Veure m\u00e9s<\/span><\/a><\/div><\/div><\/div><\/div><div class=\"vc_col-sm-6 wpb_column vc_column_container\"><div class=\"vc_column-inner us_custom_c5c3351f\"><div class=\"wpb_wrapper\"><div class=\"w-image us_custom_6751363b has_ratio align_none\"><div class=\"w-image-h\"><div style=\"padding-bottom:100%\"><\/div><img fetchpriority=\"high\" decoding=\"async\" width=\"1024\" height=\"683\" src=\"https:\/\/www.med30.org\/wp-content\/uploads\/2024\/06\/MARE-2022_994-1024x683.jpeg\" class=\"attachment-large size-large\" alt=\"\" loading=\"eager\" \/><\/div><\/div><\/div><\/div><\/div><\/div><\/div><\/section><section class=\"l-section wpb_row us_custom_e11ab399 height_large\"><div class=\"l-section-h i-cf\"><div class=\"g-cols vc_row via_flex valign_middle type_default reversed\"><div class=\"vc_col-sm-12 wpb_column vc_column_container\"><div class=\"vc_column-inner us_custom_9eba9c5b\"><div class=\"wpb_wrapper\"><div class=\"wpb_text_column\"><div class=\"wpb_wrapper\"><h2>Els nostres membres<\/h2>\n<p>MED30 \u00e9s un projecte de la <a href=\"https:\/\/www.medseaalliance.org\/\">Med Sea Alliance<\/a> liderat per <a href=\"https:\/\/marilles.org\/es\">Fundaci\u00f3n Marilles<\/a>, <a href=\"https:\/\/europe.oceana.org\/\">Oceana<\/a> i <a href=\"https:\/\/www.ecologistasenaccion.org\">Ecologistas en Acci\u00f3n.<\/a><\/p>\n<\/div><\/div><\/div><\/div><\/div><\/div><\/div><\/section><section class=\"l-section wpb_row us_custom_d85253ba height_medium\"><div class=\"l-section-h i-cf\"><div class=\"g-cols vc_row via_flex valign_middle type_default\"><div class=\"vc_col-sm-3 wpb_column vc_column_container\"><div class=\"vc_column-inner us_custom_9eba9c5b\"><div class=\"wpb_wrapper\"><div class=\"w-image us_custom_3311ef25 align_center\"><a href=\"https:\/\/www.medseaalliance.org\/\" aria-label=\"logo-dark\" class=\"w-image-h\"><img decoding=\"async\" width=\"1024\" height=\"315\" src=\"https:\/\/www.med30.org\/wp-content\/uploads\/2025\/03\/logo-dark-1024x315.png\" class=\"attachment-large size-large\" alt=\"\" loading=\"lazy\" srcset=\"https:\/\/www.med30.org\/wp-content\/uploads\/2025\/03\/logo-dark-1024x315.png 1024w, https:\/\/www.med30.org\/wp-content\/uploads\/2025\/03\/logo-dark-300x92.png 300w, https:\/\/www.med30.org\/wp-content\/uploads\/2025\/03\/logo-dark.png 1124w\" sizes=\"auto, (max-width: 1024px) 100vw, 1024px\" \/><\/a><\/div><\/div><\/div><\/div><div class=\"vc_col-sm-3 wpb_column vc_column_container\"><div class=\"vc_column-inner us_custom_c5c3351f\"><div class=\"wpb_wrapper\"><div class=\"w-image us_custom_0af711c9 has_height align_center\"><a href=\"https:\/\/marilles.org\/\" aria-label=\"logo Marilles\" class=\"w-image-h\"><img decoding=\"async\" width=\"1024\" height=\"724\" src=\"https:\/\/www.med30.org\/wp-content\/uploads\/2024\/05\/logo-Marilles-1024x724.jpeg\" class=\"attachment-large size-large\" alt=\"\" loading=\"lazy\" srcset=\"https:\/\/www.med30.org\/wp-content\/uploads\/2024\/05\/logo-Marilles-1024x724.jpeg 1024w, https:\/\/www.med30.org\/wp-content\/uploads\/2024\/05\/logo-Marilles-300x212.jpeg 300w, https:\/\/www.med30.org\/wp-content\/uploads\/2024\/05\/logo-Marilles.jpeg 1754w\" sizes=\"auto, (max-width: 1024px) 100vw, 1024px\" \/><\/a><\/div><\/div><\/div><\/div><div class=\"vc_col-sm-3 wpb_column vc_column_container\"><div class=\"vc_column-inner\"><div class=\"wpb_wrapper\"><div class=\"w-image us_custom_74df207d has_height align_center\"><a href=\"https:\/\/europe.oceana.org\/\" aria-label=\"Logo_CMYK\" class=\"w-image-h\"><img decoding=\"async\" width=\"1024\" height=\"268\" src=\"https:\/\/www.med30.org\/wp-content\/uploads\/2024\/05\/Oceana_Print_2Blue_CMYK-copia-1024x268.jpg\" class=\"attachment-large size-large\" alt=\"\" loading=\"lazy\" srcset=\"https:\/\/www.med30.org\/wp-content\/uploads\/2024\/05\/Oceana_Print_2Blue_CMYK-copia-1024x268.jpg 1024w, https:\/\/www.med30.org\/wp-content\/uploads\/2024\/05\/Oceana_Print_2Blue_CMYK-copia-300x79.jpg 300w, https:\/\/www.med30.org\/wp-content\/uploads\/2024\/05\/Oceana_Print_2Blue_CMYK-copia.jpg 1619w\" sizes=\"auto, (max-width: 1024px) 100vw, 1024px\" \/><\/a><\/div><\/div><\/div><\/div><div class=\"vc_col-sm-3 wpb_column vc_column_container\"><div class=\"vc_column-inner\"><div class=\"wpb_wrapper\"><div class=\"w-image us_custom_ca4e7b5f has_height align_center\"><a href=\"https:\/\/www.ecologistasenaccion.org\/\" aria-label=\"Logo_Ecologistas_en_Accio\u0301n\" class=\"w-image-h\"><img decoding=\"async\" width=\"1024\" height=\"1015\" src=\"https:\/\/www.med30.org\/wp-content\/uploads\/2024\/05\/Logo_Ecologistas_en_Accion-1024x1015.png\" class=\"attachment-large size-large\" alt=\"\" loading=\"lazy\" srcset=\"https:\/\/www.med30.org\/wp-content\/uploads\/2024\/05\/Logo_Ecologistas_en_Accion-1024x1015.png 1024w, https:\/\/www.med30.org\/wp-content\/uploads\/2024\/05\/Logo_Ecologistas_en_Accion-300x297.png 300w, https:\/\/www.med30.org\/wp-content\/uploads\/2024\/05\/Logo_Ecologistas_en_Accion-150x150.png 150w\" sizes=\"auto, (max-width: 1024px) 100vw, 1024px\" \/><\/a><\/div><\/div><\/div><\/div><\/div><\/div><\/section><section class=\"l-section wpb_row height_medium\"><div class=\"l-section-h i-cf\"><div class=\"g-cols vc_row via_flex valign_top type_default stacking_default\"><div class=\"vc_col-sm-12 wpb_column vc_column_container\"><div class=\"vc_column-inner\"><div class=\"wpb_wrapper\"><div class=\"wpb_text_column\"><div class=\"wpb_wrapper\"><h2>Amb la participaci\u00f3 de<\/h2>\n<\/div><\/div><div class=\"w-separator size_large\"><\/div><div class=\"g-cols wpb_row via_flex valign_top type_default stacking_default\" style=\"--additional-gap:3rem;\"><div class=\"vc_col-sm-6 wpb_column vc_column_container\"><div class=\"vc_column-inner\"><div class=\"wpb_wrapper\"><div class=\"w-grid us_grid type_grid layout_1439 cols_3 valign_center preload_style_spinner\" id=\"us_grid_1\" style=\"--columns:3;--gap:2.5rem;\" data-filterable=\"true\"><style>@media (max-width:1024px){#us_grid_1{--columns:2!important}}@media (max-width:600px){#us_grid_1{--columns:2!important}}.layout_1439 .w-grid-item-h{}.layout_1439 .usg_post_image_1{margin-top:auto!important;margin-bottom:auto!important}<\/style><div class=\"w-grid-list\">\t<article class=\"w-grid-item size_1x1 custom-link post-1454 colaborador type-colaborador status-publish has-post-thumbnail hentry\" data-id=\"1454\">\r\n\t\t<div class=\"w-grid-item-h\">\r\n\t\t\t\t\t\t\t<a href=\"https:\/\/www.asociacionanse.org\/\" class=\"w-grid-item-anchor\" aria-label=\"ANSE\"><\/a>\r\n\t\t\t\t\t\t<div class=\"w-post-elm post_image usg_post_image_1\"><img loading=\"lazy\" decoding=\"async\" width=\"1263\" height=\"574\" src=\"https:\/\/www.med30.org\/wp-content\/uploads\/2024\/12\/logo_Anse.png\" class=\"attachment-full size-full wp-post-image\" alt=\"\" srcset=\"https:\/\/www.med30.org\/wp-content\/uploads\/2024\/12\/logo_Anse.png 1263w, https:\/\/www.med30.org\/wp-content\/uploads\/2024\/12\/logo_Anse-300x136.png 300w, https:\/\/www.med30.org\/wp-content\/uploads\/2024\/12\/logo_Anse-1024x465.png 1024w\" sizes=\"auto, (max-width: 1263px) 100vw, 1263px\" \/><\/div>\t\t<\/div>\r\n\t\t\t<\/article>\r\n\t<article class=\"w-grid-item size_1x1 custom-link post-1455 colaborador type-colaborador status-publish has-post-thumbnail hentry\" data-id=\"1455\">\r\n\t\t<div class=\"w-grid-item-h\">\r\n\t\t\t\t\t\t\t<a href=\"https:\/\/www.clientearth.es\/\" class=\"w-grid-item-anchor\" aria-label=\"Client Earth\"><\/a>\r\n\t\t\t\t\t\t<div class=\"w-post-elm post_image usg_post_image_1\"><img loading=\"lazy\" decoding=\"async\" width=\"2048\" height=\"351\" src=\"https:\/\/www.med30.org\/wp-content\/uploads\/2024\/12\/Clientearth_logo.png\" class=\"attachment-full size-full wp-post-image\" alt=\"\" srcset=\"https:\/\/www.med30.org\/wp-content\/uploads\/2024\/12\/Clientearth_logo.png 2048w, https:\/\/www.med30.org\/wp-content\/uploads\/2024\/12\/Clientearth_logo-300x51.png 300w, https:\/\/www.med30.org\/wp-content\/uploads\/2024\/12\/Clientearth_logo-1024x176.png 1024w\" sizes=\"auto, (max-width: 2048px) 100vw, 2048px\" \/><\/div>\t\t<\/div>\r\n\t\t\t<\/article>\r\n\t<article class=\"w-grid-item size_1x1 custom-link post-1674 colaborador type-colaborador status-publish has-post-thumbnail hentry\" data-id=\"1674\">\r\n\t\t<div class=\"w-grid-item-h\">\r\n\t\t\t\t\t\t\t<a href=\"https:\/\/gengob.org\/\" class=\"w-grid-item-anchor\" aria-label=\"GEN-GOB\"><\/a>\r\n\t\t\t\t\t\t<div class=\"w-post-elm post_image usg_post_image_1\"><img loading=\"lazy\" decoding=\"async\" width=\"1327\" height=\"406\" src=\"https:\/\/www.med30.org\/wp-content\/uploads\/2025\/02\/Logo-GEN-horitzontalNOU1.jpg\" class=\"attachment-full size-full wp-post-image\" alt=\"\" srcset=\"https:\/\/www.med30.org\/wp-content\/uploads\/2025\/02\/Logo-GEN-horitzontalNOU1.jpg 1327w, https:\/\/www.med30.org\/wp-content\/uploads\/2025\/02\/Logo-GEN-horitzontalNOU1-300x92.jpg 300w, https:\/\/www.med30.org\/wp-content\/uploads\/2025\/02\/Logo-GEN-horitzontalNOU1-1024x313.jpg 1024w\" sizes=\"auto, (max-width: 1327px) 100vw, 1327px\" \/><\/div>\t\t<\/div>\r\n\t\t\t<\/article>\r\n\t<article class=\"w-grid-item size_1x1 custom-link post-1461 colaborador type-colaborador status-publish has-post-thumbnail hentry\" data-id=\"1461\">\r\n\t\t<div class=\"w-grid-item-h\">\r\n\t\t\t\t\t\t\t<a href=\"https:\/\/www.gobmallorca.com\/\" class=\"w-grid-item-anchor\" aria-label=\"GOB Mallorca\"><\/a>\r\n\t\t\t\t\t\t<div class=\"w-post-elm post_image usg_post_image_1\"><img loading=\"lazy\" decoding=\"async\" width=\"1156\" height=\"1051\" src=\"https:\/\/www.med30.org\/wp-content\/uploads\/2024\/12\/Logo-GOB-mallorca.png\" class=\"attachment-full size-full wp-post-image\" alt=\"\" srcset=\"https:\/\/www.med30.org\/wp-content\/uploads\/2024\/12\/Logo-GOB-mallorca.png 1156w, https:\/\/www.med30.org\/wp-content\/uploads\/2024\/12\/Logo-GOB-mallorca-300x273.png 300w, https:\/\/www.med30.org\/wp-content\/uploads\/2024\/12\/Logo-GOB-mallorca-1024x931.png 1024w\" sizes=\"auto, (max-width: 1156px) 100vw, 1156px\" \/><\/div>\t\t<\/div>\r\n\t\t\t<\/article>\r\n\t<article class=\"w-grid-item size_1x1 custom-link post-1443 colaborador type-colaborador status-publish has-post-thumbnail hentry\" data-id=\"1443\">\r\n\t\t<div class=\"w-grid-item-h\">\r\n\t\t\t\t\t\t\t<a href=\"https:\/\/www.gobmenorca.com\/\" class=\"w-grid-item-anchor\" aria-label=\"GOB Menorca\"><\/a>\r\n\t\t\t\t\t\t<div class=\"w-post-elm post_image usg_post_image_1\"><img loading=\"lazy\" decoding=\"async\" width=\"642\" height=\"375\" src=\"https:\/\/www.med30.org\/wp-content\/uploads\/2024\/12\/Logo-GOB-menorca.png\" class=\"attachment-full size-full wp-post-image\" alt=\"\" srcset=\"https:\/\/www.med30.org\/wp-content\/uploads\/2024\/12\/Logo-GOB-menorca.png 642w, https:\/\/www.med30.org\/wp-content\/uploads\/2024\/12\/Logo-GOB-menorca-300x175.png 300w\" sizes=\"auto, (max-width: 642px) 100vw, 642px\" \/><\/div>\t\t<\/div>\r\n\t\t\t<\/article>\r\n\t<article class=\"w-grid-item size_1x1 custom-link post-1460 colaborador type-colaborador status-publish has-post-thumbnail hentry\" data-id=\"1460\">\r\n\t\t<div class=\"w-grid-item-h\">\r\n\t\t\t\t\t\t\t<a href=\"https:\/\/www.greenpeace.org\/\" class=\"w-grid-item-anchor\" aria-label=\"Greenpeace\"><\/a>\r\n\t\t\t\t\t\t<div class=\"w-post-elm post_image usg_post_image_1\"><img loading=\"lazy\" decoding=\"async\" width=\"1080\" height=\"175\" src=\"https:\/\/www.med30.org\/wp-content\/uploads\/2024\/12\/Greenpeace_Logo_Green_RGB.png\" class=\"attachment-full size-full wp-post-image\" alt=\"\" srcset=\"https:\/\/www.med30.org\/wp-content\/uploads\/2024\/12\/Greenpeace_Logo_Green_RGB.png 1080w, https:\/\/www.med30.org\/wp-content\/uploads\/2024\/12\/Greenpeace_Logo_Green_RGB-300x49.png 300w, https:\/\/www.med30.org\/wp-content\/uploads\/2024\/12\/Greenpeace_Logo_Green_RGB-1024x166.png 1024w\" sizes=\"auto, (max-width: 1080px) 100vw, 1080px\" \/><\/div>\t\t<\/div>\r\n\t\t\t<\/article>\r\n\t<article class=\"w-grid-item size_1x1 custom-link post-1608 colaborador type-colaborador status-publish has-post-thumbnail hentry\" data-id=\"1608\">\r\n\t\t<div class=\"w-grid-item-h\">\r\n\t\t\t\t\t\t\t<a href=\"https:\/\/www.oceancare.org\/en\/\" class=\"w-grid-item-anchor\" aria-label=\"Ocean Care\"><\/a>\r\n\t\t\t\t\t\t<div class=\"w-post-elm post_image usg_post_image_1\"><img loading=\"lazy\" decoding=\"async\" width=\"1358\" height=\"598\" src=\"https:\/\/www.med30.org\/wp-content\/uploads\/2024\/12\/Logo_OceanCare_pos_2015.jpg\" class=\"attachment-full size-full wp-post-image\" alt=\"\" srcset=\"https:\/\/www.med30.org\/wp-content\/uploads\/2024\/12\/Logo_OceanCare_pos_2015.jpg 1358w, https:\/\/www.med30.org\/wp-content\/uploads\/2024\/12\/Logo_OceanCare_pos_2015-300x132.jpg 300w, https:\/\/www.med30.org\/wp-content\/uploads\/2024\/12\/Logo_OceanCare_pos_2015-1024x451.jpg 1024w\" sizes=\"auto, (max-width: 1358px) 100vw, 1358px\" \/><\/div>\t\t<\/div>\r\n\t\t\t<\/article>\r\n\t<article class=\"w-grid-item size_1x1 custom-link post-1440 colaborador type-colaborador status-publish has-post-thumbnail hentry\" data-id=\"1440\">\r\n\t\t<div class=\"w-grid-item-h\">\r\n\t\t\t\t\t\t\t<a href=\"https:\/\/www.savethemed.org\" class=\"w-grid-item-anchor\" aria-label=\"Save The Med\"><\/a>\r\n\t\t\t\t\t\t<div class=\"w-post-elm post_image usg_post_image_1\"><img loading=\"lazy\" decoding=\"async\" width=\"383\" height=\"420\" src=\"https:\/\/www.med30.org\/wp-content\/uploads\/2024\/12\/logo-save-the-med.png\" class=\"attachment-full size-full wp-post-image\" alt=\"\" srcset=\"https:\/\/www.med30.org\/wp-content\/uploads\/2024\/12\/logo-save-the-med.png 383w, https:\/\/www.med30.org\/wp-content\/uploads\/2024\/12\/logo-save-the-med-274x300.png 274w\" sizes=\"auto, (max-width: 383px) 100vw, 383px\" \/><\/div>\t\t<\/div>\r\n\t\t\t<\/article>\r\n<\/div>\t<div class=\"w-grid-preloader\">\r\n\t\t<div class=\"g-preloader type_1\">\r\n\t\t\t<div><\/div>\r\n\t\t<\/div>\r\n\t<\/div>\r\n\t\t<div class=\"w-grid-json hidden\" onclick='return {&quot;action&quot;:&quot;us_ajax_grid&quot;,&quot;infinite_scroll&quot;:0,&quot;max_num_pages&quot;:1,&quot;pagination&quot;:&quot;none&quot;,&quot;template_vars&quot;:{&quot;columns&quot;:&quot;3&quot;,&quot;exclude_items&quot;:&quot;none&quot;,&quot;img_size&quot;:&quot;default&quot;,&quot;ignore_items_size&quot;:0,&quot;items_layout&quot;:&quot;1439&quot;,&quot;items_offset&quot;:&quot;1&quot;,&quot;load_animation&quot;:&quot;none&quot;,&quot;overriding_link&quot;:&quot;%7B%22type%22%3A%22post%22%7D&quot;,&quot;post_id&quot;:0,&quot;query_args&quot;:{&quot;post_type&quot;:[&quot;colaborador&quot;],&quot;post_status&quot;:[&quot;publish&quot;,&quot;acf-disabled&quot;],&quot;posts_per_page&quot;:&quot;10&quot;},&quot;orderby_query_args&quot;:{&quot;orderby&quot;:{&quot;title&quot;:&quot;ASC&quot;},&quot;order&quot;:&quot;ASC&quot;},&quot;type&quot;:&quot;grid&quot;,&quot;us_grid_post_type&quot;:&quot;colaborador&quot;,&quot;us_grid_ajax_index&quot;:1,&quot;us_grid_filter_query_string&quot;:null,&quot;us_grid_index&quot;:1,&quot;page_args&quot;:[],&quot;lang&quot;:&quot;ca&quot;}}'><\/div>\r\n\t<\/div><\/div><\/div><\/div><div class=\"vc_col-sm-6 wpb_column vc_column_container\"><div class=\"vc_column-inner\"><div class=\"wpb_wrapper\"><div class=\"wpb_text_column us_custom_7a511384\"><div class=\"wpb_wrapper\"><p>DESC\u00c0RREGA DE RESPONSABILITAT: Aquest lloc web i el seu contingut tenen com a \u00fanic objectiu proporcionar informaci\u00f3 general i no estan validats per les organitzacions participants en la iniciativa. Qualsevol contingut o material d&#8217;aquest lloc web no reflecteix necess\u00e0riament les posicions de les organitzacions participants i, per tant, no crea, sota cap circumst\u00e0ncia, obligacions jur\u00eddicament vinculants per part de les organitzacions participants. Qualsevol decisi\u00f3 o acci\u00f3 presa sobre la base de la informaci\u00f3 proporcionada \u00e9s sota la seva pr\u00f2pia discreci\u00f3 i risc.<\/p>\n<\/div><\/div><\/div><\/div><\/div><\/div><div class=\"w-separator size_large\"><\/div><\/div><\/div><\/div><\/div><\/div><\/section>\n","protected":false},"excerpt":{"rendered":"https:\/\/www.med30.org\/wp-admin\/edit.php?post_type=us_header","protected":false},"author":1,"featured_media":0,"parent":0,"menu_order":0,"comment_status":"closed","ping_status":"closed","template":"","meta":{"_acf_changed":false,"footnotes":""},"class_list":["post-196","page","type-page","status-publish","hentry"],"acf":[],"_links":{"self":[{"href":"https:\/\/www.med30.org\/ca\/wp-json\/wp\/v2\/pages\/196","targetHints":{"allow":["GET"]}}],"collection":[{"href":"https:\/\/www.med30.org\/ca\/wp-json\/wp\/v2\/pages"}],"about":[{"href":"https:\/\/www.med30.org\/ca\/wp-json\/wp\/v2\/types\/page"}],"author":[{"embeddable":true,"href":"https:\/\/www.med30.org\/ca\/wp-json\/wp\/v2\/users\/1"}],"replies":[{"embeddable":true,"href":"https:\/\/www.med30.org\/ca\/wp-json\/wp\/v2\/comments?post=196"}],"version-history":[{"count":20,"href":"https:\/\/www.med30.org\/ca\/wp-json\/wp\/v2\/pages\/196\/revisions"}],"predecessor-version":[{"id":1790,"href":"https:\/\/www.med30.org\/ca\/wp-json\/wp\/v2\/pages\/196\/revisions\/1790"}],"wp:attachment":[{"href":"https:\/\/www.med30.org\/ca\/wp-json\/wp\/v2\/media?parent=196"}],"curies":[{"name":"wp","href":"https:\/\/api.w.org\/{rel}","templated":true}]}}