{"id":866,"date":"2024-06-21T11:02:22","date_gmt":"2024-06-21T09:02:22","guid":{"rendered":"https:\/\/www.med30.org\/credits\/"},"modified":"2024-11-11T09:25:11","modified_gmt":"2024-11-11T08:25:11","slug":"credits","status":"publish","type":"page","link":"https:\/\/www.med30.org\/ca\/credits\/","title":{"rendered":"Cr\u00e8dits"},"content":{"rendered":"<section class=\"l-section wpb_row height_medium\"><div class=\"l-section-h i-cf\"><div class=\"g-cols vc_row via_flex valign_top type_default stacking_default\"><div class=\"vc_col-sm-12 wpb_column vc_column_container\"><div class=\"vc_column-inner\"><div class=\"wpb_wrapper\"><div class=\"wpb_text_column\"><div class=\"wpb_wrapper\"><p>\u00cdndex de fotografies:<\/p>\n<p><strong>P\u00e0gina principal:<\/strong><br \/>\nAutor portada: Miquel Gomila<br \/>\nAutor &#8220;Qui som&#8221;: Nuria Bufort Costa (Cedida amb finalitats de conservaci\u00f3 MARE22)<\/p>\n<p><strong>P\u00e0gina &#8220;Qui som&#8221;:<\/strong><br \/>\nAutora portada: <span>Yaiza Santana Bernaldo de Quir\u00f3s (Cedida amb finalitats de conservaci\u00f3 MARE 2021)<\/span><\/p>\n<p><strong>P\u00e0gina &#8220;Per qu\u00e8 protegir el mediterrani espanyol?&#8221;: <\/strong><br \/>\nAutor portada: Jordi Cerd\u00e0 Santacreu (Cedida amb finalitats de conservaci\u00f3 MARE23)<\/p>\n<p><strong>P\u00e0gina &#8220;Notes premsa&#8221;:<\/strong><br \/>\nAutor portada: Miquel Gomila<\/p>\n<p><strong>P\u00e0gina &#8220;En els mitjans&#8221;:<\/strong><br \/>\nAutor portada: Silvia Mus (Cedida amb finalitats de conservaci\u00f3 MARE23)<\/p>\n<p><strong>P\u00e0gina &#8220;Recursos&#8221;:<\/strong><br \/>\nAutor portada: Przemyslaw Dariusz (Cedida amb finalitats de conservaci\u00f3 MARE21)<\/p>\n<p><strong>P\u00e1gina &#8220;Contacte&#8221;:<\/strong><br \/>\nAutor portada: Jordi Cerd\u00e0 Santacreu (Cedida amb finalitats de conservaci\u00f3 MARE23)<\/p>\n<\/div><\/div><\/div><\/div><\/div><\/div><\/div><\/section>\n","protected":false},"excerpt":{"rendered":"\u00cdndex de fotografies: P\u00e0gina principal: Autor portada: Miquel Gomila Autor &#8220;Qui som&#8221;: Nuria Bufort Costa (Cedida amb finalitats de conservaci\u00f3 MARE22) P\u00e0gina &#8220;Qui som&#8221;: Autora portada: Yaiza Santana Bernaldo de Quir\u00f3s (Cedida amb finalitats de conservaci\u00f3 MARE 2021) P\u00e0gina &#8220;Per qu\u00e8 protegir el mediterrani espanyol?&#8221;: Autor portada: Jordi Cerd\u00e0 Santacreu (Cedida amb finalitats de conservaci\u00f3...","protected":false},"author":3,"featured_media":0,"parent":0,"menu_order":0,"comment_status":"closed","ping_status":"closed","template":"","meta":{"_acf_changed":false,"footnotes":""},"class_list":["post-866","page","type-page","status-publish","hentry"],"acf":[],"_links":{"self":[{"href":"https:\/\/www.med30.org\/ca\/wp-json\/wp\/v2\/pages\/866","targetHints":{"allow":["GET"]}}],"collection":[{"href":"https:\/\/www.med30.org\/ca\/wp-json\/wp\/v2\/pages"}],"about":[{"href":"https:\/\/www.med30.org\/ca\/wp-json\/wp\/v2\/types\/page"}],"author":[{"embeddable":true,"href":"https:\/\/www.med30.org\/ca\/wp-json\/wp\/v2\/users\/3"}],"replies":[{"embeddable":true,"href":"https:\/\/www.med30.org\/ca\/wp-json\/wp\/v2\/comments?post=866"}],"version-history":[{"count":6,"href":"https:\/\/www.med30.org\/ca\/wp-json\/wp\/v2\/pages\/866\/revisions"}],"predecessor-version":[{"id":1368,"href":"https:\/\/www.med30.org\/ca\/wp-json\/wp\/v2\/pages\/866\/revisions\/1368"}],"wp:attachment":[{"href":"https:\/\/www.med30.org\/ca\/wp-json\/wp\/v2\/media?parent=866"}],"curies":[{"name":"wp","href":"https:\/\/api.w.org\/{rel}","templated":true}]}}