{"id":874,"date":"2024-05-15T13:02:41","date_gmt":"2024-05-15T11:02:41","guid":{"rendered":"https:\/\/www.med30.org\/qui-som\/"},"modified":"2024-10-10T09:56:01","modified_gmt":"2024-10-10T07:56:01","slug":"qui-som","status":"publish","type":"page","link":"https:\/\/www.med30.org\/ca\/qui-som\/","title":{"rendered":"Qui som"},"content":{"rendered":"<section class=\"l-section wpb_row us_custom_4bd7a53a has_text_color height_large with_shape\"><div class=\"l-section-shape type_wave pos_bottom\" style=\"height:15vmin;\"><svg xmlns=\"http:\/\/www.w3.org\/2000\/svg\" viewBox=\"0 4 64 4\" preserveAspectRatio=\"none\" width=\"100%\" height=\"100%\">\r\n\t<path fill=\"currentColor\" d=\"M64 6 C32 0 32 12 0 6 L0 8 L64 8 Z\"\/>\r\n<\/svg><\/div><div class=\"l-section-h i-cf\"><div class=\"g-cols vc_row via_flex valign_top type_default stacking_default\"><div class=\"vc_col-sm-12 wpb_column vc_column_container\"><div class=\"vc_column-inner\"><div class=\"wpb_wrapper\"><div class=\"wpb_text_column us_custom_34cae270 us_animate_this\"><div class=\"wpb_wrapper\"><h4 style=\"text-align: center;\">Creada l\u2019any 2023, la iniciativa MED30 \u00e9s un projecte de la <a href=\"https:\/\/www.medseaalliance.org\">Med Sea Alliance<\/a> liderat per la <a href=\"https:\/\/marilles.org\/es\">Fundaci\u00f3 Marilles<\/a>, <a href=\"https:\/\/europe.oceana.org\">Oceana<\/a> i <a href=\"https:\/\/www.ecologistasenaccion.org\">Ecologistas en Acci\u00f3n<\/a>. El seu objectiu \u00e9s aconseguir la protecci\u00f3 efectiva del 30% del Mediterrani espanyol per a l&#8217;any 2030, amb un 10% de protecci\u00f3 estricta. \u00c9s a dir, una de cada deu hect\u00e0rees de mar ha d&#8217;estar lliure de pressions que comprometin la seva salut ambiental i suposin una amena\u00e7a per a la biodiversitat.<\/h4>\n<\/div><\/div><\/div><\/div><\/div><\/div><\/div><\/section><section class=\"l-section wpb_row us_custom_60e9caca us_animate_this height_large\"><div class=\"l-section-h i-cf\"><div class=\"g-cols vc_row via_flex valign_top type_default stacking_default\"><div class=\"vc_col-sm-6 wpb_column vc_column_container\"><div class=\"vc_column-inner\"><div class=\"wpb_wrapper\"><div class=\"wpb_text_column\"><div class=\"wpb_wrapper\"><p>Aquests prop\u00f2sits s&#8217;alineen amb la iniciativa mundial 30&#215;30 recollida en el <a href=\"https:\/\/www.unep.org\/es\/resources\/marco-mundial-de-biodiversidad-de-kunming-montreal\">Marc Mundial Kunming-Montreal de la Diversitat Biol\u00f2gica<\/a>. Es tracta d&#8217;uns compromisos que tamb\u00e9 assumeix la <a href=\"https:\/\/environment.ec.europa.eu\/strategy\/biodiversity-strategy-2030_en\">Uni\u00f3 Europea<\/a>. A m\u00e9s, l\u2019Estat espanyol ha manifestat el seu suport a l&#8217;estrat\u00e8gia 30&#215;30 especialment en el medi mar\u00ed, i s&#8217;ha <a href=\"https:\/\/t.ly\/K8T6F\">comprom\u00e8s<\/a> a aconseguir el 25% de protecci\u00f3 per a l&#8217;any 2025 com a pas intermedi cap a l&#8217;objectiu final. Aix\u00f2 no obstant, el gran deure pendent \u00e9s aconseguir que el 10% de l&#8217;oce\u00e0 sigui declarat <span>\u00e0rea de protecci\u00f3 estricta<\/span>. El compliment dels objectius 30&#215;30 \u00e9s l\u2019\u00fanica manera d\u2019assegurar la protecci\u00f3 de la biodiversitat i la riquesa de la mar i plantar cara a la crisi clim\u00e0tica i de biodiversitat que ens afecta. A m\u00e9s, \u00e9s essencial que els espais marins protegits (EMP) tamb\u00e9 es gestionin adequadament, a trav\u00e9s de plans de gesti\u00f3 ambiciosos i participatius.<\/p>\n<\/div><\/div><\/div><\/div><\/div><div class=\"vc_col-sm-6 wpb_column vc_column_container\"><div class=\"vc_column-inner\"><div class=\"wpb_wrapper\"><div class=\"wpb_text_column\"><div class=\"wpb_wrapper\"><p>Els qui prenen decisions en relaci\u00f3 a la protecci\u00f3 de l&#8217;oce\u00e0 tenen una responsabilitat. El nostre comprom\u00eds \u00e9s treballar perqu\u00e8 la compleixin. Volem que la mar Mediterr\u00e0nia continu\u00ef sent una font de vida i de benestar per a la nostra societat i per a les generacions futures.<\/p>\n<\/div><\/div><div class=\"w-separator size_medium\"><\/div><div class=\"wpb_text_column us_custom_7c701dfd\"><div class=\"wpb_wrapper\"><h4>El gran desafiament \u00e9s aconseguir que el 10% de l&#8217;oce\u00e0 sigui declarat <span>\u00e0rea de protecci\u00f3 estricta<\/span>.<\/h4>\n<\/div><\/div><\/div><\/div><\/div><\/div><\/div><\/section><section class=\"l-section wpb_row height_small\"><div class=\"l-section-h i-cf\"><div class=\"g-cols vc_row via_flex valign_top type_default stacking_default\"><div class=\"vc_col-sm-12 wpb_column vc_column_container\"><div class=\"vc_column-inner\"><div class=\"wpb_wrapper\"><div class=\"w-separator size_small\"><\/div><\/div><\/div><\/div><\/div><\/div><\/section>\n","protected":false},"excerpt":{"rendered":"Creada l\u2019any 2023, la iniciativa MED30 \u00e9s un projecte de la Med Sea Alliance liderat per la Fundaci\u00f3 Marilles, Oceana i Ecologistas en Acci\u00f3n. El seu objectiu \u00e9s aconseguir la protecci\u00f3 efectiva del 30% del Mediterrani espanyol per a l&#8217;any 2030, amb un 10% de protecci\u00f3 estricta. \u00c9s a dir, una de cada deu hect\u00e0rees...","protected":false},"author":3,"featured_media":1362,"parent":0,"menu_order":0,"comment_status":"closed","ping_status":"closed","template":"","meta":{"_acf_changed":false,"footnotes":""},"class_list":["post-874","page","type-page","status-publish","has-post-thumbnail","hentry"],"acf":[],"_links":{"self":[{"href":"https:\/\/www.med30.org\/ca\/wp-json\/wp\/v2\/pages\/874","targetHints":{"allow":["GET"]}}],"collection":[{"href":"https:\/\/www.med30.org\/ca\/wp-json\/wp\/v2\/pages"}],"about":[{"href":"https:\/\/www.med30.org\/ca\/wp-json\/wp\/v2\/types\/page"}],"author":[{"embeddable":true,"href":"https:\/\/www.med30.org\/ca\/wp-json\/wp\/v2\/users\/3"}],"replies":[{"embeddable":true,"href":"https:\/\/www.med30.org\/ca\/wp-json\/wp\/v2\/comments?post=874"}],"version-history":[{"count":6,"href":"https:\/\/www.med30.org\/ca\/wp-json\/wp\/v2\/pages\/874\/revisions"}],"predecessor-version":[{"id":1204,"href":"https:\/\/www.med30.org\/ca\/wp-json\/wp\/v2\/pages\/874\/revisions\/1204"}],"wp:featuredmedia":[{"embeddable":true,"href":"https:\/\/www.med30.org\/ca\/wp-json\/wp\/v2\/media\/1362"}],"wp:attachment":[{"href":"https:\/\/www.med30.org\/ca\/wp-json\/wp\/v2\/media?parent=874"}],"curies":[{"name":"wp","href":"https:\/\/api.w.org\/{rel}","templated":true}]}}