{"id":879,"date":"2024-05-23T19:22:28","date_gmt":"2024-05-23T17:22:28","guid":{"rendered":"https:\/\/www.med30.org\/politica-de-privacitat\/"},"modified":"2024-09-06T10:02:55","modified_gmt":"2024-09-06T08:02:55","slug":"politica-de-privacidad","status":"publish","type":"page","link":"https:\/\/www.med30.org\/ca\/politica-de-privacidad\/","title":{"rendered":"Pol\u00edtica de privacitat"},"content":{"rendered":"<section class=\"l-section wpb_row height_medium\"><div class=\"l-section-h i-cf\"><div class=\"g-cols vc_row via_flex valign_top type_default stacking_default\"><div class=\"vc_col-sm-12 wpb_column vc_column_container\"><div class=\"vc_column-inner\"><div class=\"wpb_wrapper\"><div class=\"wpb_text_column\"><div class=\"wpb_wrapper\"><p>Us informem, en compliment de l&#8217;estipulat pel Reglament General de Protecci\u00f3 de Dades (RGPD):<\/p>\n<p>Les dades de car\u00e0cter personal seran tractades per Med30 amb la finalitat de tramitar les consultes dinformaci\u00f3 de car\u00e0cter general rebudes a trav\u00e9s del correu electr\u00f2nic <a href=\"mailto:margalida.bonnin@marilles.org\">margalida.bonnin@marilles.org<\/a>. Les dades es conservaran durant el temps necessari per complir amb la finalitat per a la qual s&#8217;han demanat.<\/p>\n<p>Podeu exercitar els vostres drets d&#8217;acc\u00e9s, rectificaci\u00f3, supressi\u00f3 i portabilitat de les vostres dades, de limitaci\u00f3 i oposici\u00f3 al vostre tractament, aix\u00ed com a no ser objecte de decisions basades \u00fanicament en el tractament automatitzat de les vostres dades, quan escaiguin, a trav\u00e9s de l&#8217;adre\u00e7a de correu electr\u00f2nic <a href=\"mailto:margalida.bonnin@marilles.org\">margalida.bonnin@marilles.org<\/a>. Per obtenir m\u00e9s informaci\u00f3, podeu contactar amb Med30 a trav\u00e9s del correu electr\u00f2nic <a href=\"mailto:margalida.bonnin@marilles.org\">margalida.bonnin@marilles.org<\/a>.<\/p>\n<\/div><\/div><\/div><\/div><\/div><\/div><\/div><\/section>\n","protected":false},"excerpt":{"rendered":"Us informem, en compliment de l&#8217;estipulat pel Reglament General de Protecci\u00f3 de Dades (RGPD): Les dades de car\u00e0cter personal seran tractades per Med30 amb la finalitat de tramitar les consultes dinformaci\u00f3 de car\u00e0cter general rebudes a trav\u00e9s del correu electr\u00f2nic margalida.bonnin@marilles.org. Les dades es conservaran durant el temps necessari per complir amb la finalitat per...","protected":false},"author":1,"featured_media":0,"parent":0,"menu_order":0,"comment_status":"closed","ping_status":"closed","template":"","meta":{"_acf_changed":false,"footnotes":""},"class_list":["post-879","page","type-page","status-publish","hentry"],"acf":[],"_links":{"self":[{"href":"https:\/\/www.med30.org\/ca\/wp-json\/wp\/v2\/pages\/879","targetHints":{"allow":["GET"]}}],"collection":[{"href":"https:\/\/www.med30.org\/ca\/wp-json\/wp\/v2\/pages"}],"about":[{"href":"https:\/\/www.med30.org\/ca\/wp-json\/wp\/v2\/types\/page"}],"author":[{"embeddable":true,"href":"https:\/\/www.med30.org\/ca\/wp-json\/wp\/v2\/users\/1"}],"replies":[{"embeddable":true,"href":"https:\/\/www.med30.org\/ca\/wp-json\/wp\/v2\/comments?post=879"}],"version-history":[{"count":2,"href":"https:\/\/www.med30.org\/ca\/wp-json\/wp\/v2\/pages\/879\/revisions"}],"predecessor-version":[{"id":884,"href":"https:\/\/www.med30.org\/ca\/wp-json\/wp\/v2\/pages\/879\/revisions\/884"}],"wp:attachment":[{"href":"https:\/\/www.med30.org\/ca\/wp-json\/wp\/v2\/media?parent=879"}],"curies":[{"name":"wp","href":"https:\/\/api.w.org\/{rel}","templated":true}]}}