{"id":880,"date":"2024-05-23T19:21:25","date_gmt":"2024-05-23T17:21:25","guid":{"rendered":"https:\/\/www.med30.org\/avis-legal\/"},"modified":"2024-09-06T11:11:07","modified_gmt":"2024-09-06T09:11:07","slug":"avis-legal","status":"publish","type":"page","link":"https:\/\/www.med30.org\/ca\/avis-legal\/","title":{"rendered":"Av\u00eds legal"},"content":{"rendered":"<section class=\"l-section wpb_row height_medium\"><div class=\"l-section-h i-cf\"><div class=\"g-cols vc_row via_flex valign_top type_default stacking_default\"><div class=\"vc_col-sm-12 wpb_column vc_column_container\"><div class=\"vc_column-inner\"><div class=\"wpb_wrapper\"><div class=\"wpb_text_column\"><div class=\"wpb_wrapper\"><div class=\"w-post-elm post_content\">\n<h3><b>Condicions generals d&#8217;\u00fas del portal <a href=\"http:\/\/www.med30.org\">www.med30.org<\/a><\/b><\/h3>\n<p> Med30 informs you that access to and use of the website <a href=\"http:\/\/www.med30.org\">www.med30.org<\/a> and all subdomains and directories included therein (hereinafter jointly referred to as the Portal) are subject to the terms detailed in this Legal Notice. Without prejudice to the fact that access to any of these services or content may require acceptance of additional General Conditions. Med30 reserves the right to make changes to the Portal without prior notice, in order to update, correct, modify, add or delete content or design. Since information is not updated immediately, we suggest that you always check the validity and accuracy of the information, services and content presented. Likewise, the conditions and terms included in this Notice may vary, so we invite you to review these terms when you visit the Portal again.     <\/p>\n<h3><b>Drets de propietat intelectual i de propietat industrial<\/b><\/h3>\n<p> Tant el disseny del Portal i els seus codis font, com els logos, marques i altres signes distintius que hi apareixen, pertanyen a Med30 o entitats col\u00b7laboradores i estan protegits pels corresponents drets de propietat intel\u00b7lectual i industrial. La informaci\u00f3 disponible al Portal, excepte indicaci\u00f3 expressa en cas contrari, \u00e9s susceptible de reutilitzaci\u00f3; quedant autoritzada la seva reproducci\u00f3 total o parcial, modificaci\u00f3, distribuci\u00f3 i comunicaci\u00f3, per a usos comercials i no comercials, amb subjecci\u00f3 a les condicions seg\u00fcents:  <\/p>\n<ul>\n<li>Queda prohibida, en qualsevol circumst\u00e0ncia, la desnaturalitzaci\u00f3 del contingut de la informaci\u00f3.<\/li>\n<li>L&#8217;usuari queda obligat a citar la font dels documents objecte de la reutilitzaci\u00f3.<\/li>\n<li>L&#8217;usuari queda obligat a esmentar la data de l&#8217;\u00faltima actualitzaci\u00f3 dels documents objecte de la reutilitzaci\u00f3.<\/li>\n<li>Med30 declara el seu respecte pels drets de propietat intel\u00b7lectual i industrial de tercers; per aix\u00f2, si considera que aquest lloc pogu\u00e9s estar violant els seus drets, preguem que es posi en contacte amb Med30 a trav\u00e9s del correu electr\u00f2nic <a href=\"mailto:margalida.bonnin@marilles.org\">margalida.bonnin@marilles.org<\/a>.<\/li>\n<\/ul>\n<h3><b>Links o hiperenlla\u00e7os<\/b><\/h3>\n<p> Els usuaris que es proposin establir un hiperenlla\u00e7 entre la seva p\u00e0gina web i la de Med30 hauran de tenir en compte el seg\u00fcent: <\/p>\n<ul>\n<li>L&#8217;establiment de l&#8217;hiperenlla\u00e7 no implica, en cap cas, l&#8217;exist\u00e8ncia de relacions entre Med30 i el propietari de la p\u00e0gina web, ni l&#8217;acceptaci\u00f3 i l&#8217;aprovaci\u00f3 per part de Med30 dels seus continguts o serveis. Per tant, no es declarar\u00e0 ni es donar\u00e0 a entendre que Med30 ha autoritzat expressament l&#8217;hiperenlla\u00e7, ni que ha supervisat o assumit els continguts i serveis oferts o posats a disposici\u00f3 a aquesta p\u00e0gina web. <\/li>\n<li>Med30 no es responsabilitza, de cap manera, ni garanteix la qualitat, exactitud, fiabilitat, correcci\u00f3 o moralitat de continguts o serveis que l&#8217;establiment de l&#8217;hiperenlla\u00e7 pugui oferir. L&#8217;usuari assumeix sota la seva responsabilitat exclusiva les conseq\u00fc\u00e8ncies, danys o accions que es puguin derivar de l&#8217;acc\u00e9s a la p\u00e0gina web de l&#8217;hiperenlla\u00e7. <\/li>\n<li>La p\u00e0gina web on s&#8217;estableixi l&#8217;hiperenlla\u00e7 no podr\u00e0 contenir cap marca, denominaci\u00f3, logotip, esl\u00f2gan o altres signes distintius pertanyents a Med30, excepte aquells signes que formin part del mateix hiperenlla\u00e7.<\/li>\n<li>La p\u00e0gina web on s&#8217;estableixi l&#8217;hiperenlla\u00e7 no contindr\u00e0 informacions amb continguts il\u00b7l\u00edcits, contraris a la moral i als bons costums generalment acceptats ia l&#8217;ordre p\u00fablic, aix\u00ed com tampoc no contindr\u00e0 continguts contraris a drets de tercers.<\/li>\n<\/ul>\n<h3><b>Frames<\/b><\/h3>\n<p> Med30 prohibeix expressament la realitzaci\u00f3 de \u201cframings\u201d o la utilitzaci\u00f3 per part de tercers de qualsevol altre mecanisme que alterin el disseny, configuraci\u00f3 original o continguts del seu Portal. <\/p>\n<h3><b>Llei aplicable i jurisdicci\u00f3<\/b><\/h3>\n<p> La llei aplicable en cas de disputa o conflicte dinterpretaci\u00f3 dels termes que conformen aquest Av\u00eds legal, aix\u00ed com qualsevol q\u00fcesti\u00f3 relacionada amb els serveis del present Portal, ser\u00e0 la llei espanyola. Per a la resoluci\u00f3 de qualsevol conflicte que pugui sorgir en ocasi\u00f3 de la visita al Portal o de l&#8217;\u00fas dels serveis que s&#8217;hi puguin oferir, Med30 i l&#8217;Usuari acorden sotmetre&#8217;s als Jutges i Tribunals de domicili de l&#8217;Usuari, sempre que aquest estigui situat al territori espanyol.  <\/p>\n<\/div>\n<\/div><\/div><\/div><\/div><\/div><\/div><\/div><\/section>\n","protected":false},"excerpt":{"rendered":"Condicions generals d&#8217;\u00fas del portal www.med30.org Med30 informs you that access to and use of the website www.med30.org and all subdomains and directories included therein (hereinafter jointly referred to as the Portal) are subject to the terms detailed in this Legal Notice. Without prejudice to the fact that access to any of these services or...","protected":false},"author":1,"featured_media":0,"parent":0,"menu_order":0,"comment_status":"closed","ping_status":"closed","template":"","meta":{"_acf_changed":false,"footnotes":""},"class_list":["post-880","page","type-page","status-publish","hentry"],"acf":[],"_links":{"self":[{"href":"https:\/\/www.med30.org\/ca\/wp-json\/wp\/v2\/pages\/880","targetHints":{"allow":["GET"]}}],"collection":[{"href":"https:\/\/www.med30.org\/ca\/wp-json\/wp\/v2\/pages"}],"about":[{"href":"https:\/\/www.med30.org\/ca\/wp-json\/wp\/v2\/types\/page"}],"author":[{"embeddable":true,"href":"https:\/\/www.med30.org\/ca\/wp-json\/wp\/v2\/users\/1"}],"replies":[{"embeddable":true,"href":"https:\/\/www.med30.org\/ca\/wp-json\/wp\/v2\/comments?post=880"}],"version-history":[{"count":6,"href":"https:\/\/www.med30.org\/ca\/wp-json\/wp\/v2\/pages\/880\/revisions"}],"predecessor-version":[{"id":943,"href":"https:\/\/www.med30.org\/ca\/wp-json\/wp\/v2\/pages\/880\/revisions\/943"}],"wp:attachment":[{"href":"https:\/\/www.med30.org\/ca\/wp-json\/wp\/v2\/media?parent=880"}],"curies":[{"name":"wp","href":"https:\/\/api.w.org\/{rel}","templated":true}]}}