{"id":892,"date":"2024-05-15T13:08:37","date_gmt":"2024-05-15T11:08:37","guid":{"rendered":"https:\/\/www.med30.org\/notes-de-premsa\/"},"modified":"2025-05-09T10:00:26","modified_gmt":"2025-05-09T08:00:26","slug":"notas-de-prensa","status":"publish","type":"page","link":"https:\/\/www.med30.org\/ca\/notas-de-prensa\/","title":{"rendered":"Notes de premsa"},"content":{"rendered":"<section class=\"l-section wpb_row height_large\"><div class=\"l-section-h i-cf\"><div class=\"g-cols vc_row via_flex valign_top type_default stacking_default\"><div class=\"vc_col-sm-12 wpb_column vc_column_container\"><div class=\"vc_column-inner\"><div class=\"wpb_wrapper\"><div class=\"w-grid us_grid type_grid layout_587 cols_1 pagination_regular preload_style_spinner with_css_animation\" id=\"us_grid_1\" style=\"--columns:1;--gap:5rem;\" data-filterable=\"true\"><style>@media (min-width:1024px){#us_grid_1 .w-post-elm.post_title{font-size:2.5rem!important}}.layout_587 .w-grid-item-h{}.layout_587 .usg_post_title_1{transition-duration:0s;transform-origin:50% 50%;transform:scale(1) translate(0%,0%)}.layout_587 .w-grid-item-h:focus-within .usg_post_title_1,.layout_587 .w-grid-item-h:hover .usg_post_title_1{transform:scale(1) translate(0%,0%);opacity:1;color:var(--color-header-middle-text)!important}.layout_587 .usg_post_image_1{width:30%!important;margin-left:0!important;margin-right:5%!important;border:10px solid #62B6F3!important}.layout_587 .usg_vwrapper_1{width:65%!important}.layout_587 .usg_post_title_1{color:#62B6F3!important;font-size:1.4rem!important}.layout_587 .usg_hwrapper_2{color:var(--color-content-faded)!important;font-size:0.9rem!important}.layout_587 .usg_post_date_1{color:#1A6694!important;font-weight:700!important}.layout_587 .usg_post_taxonomy_1{font-size:0.9rem!important;text-transform:uppercase!important;margin-bottom:1rem!important}.layout_587 .usg_post_custom_field_1{color:var(--color-header-middle-text)!important;font-weight:700!important}.layout_587 .usg_post_taxonomy_2{font-size:0.9rem!important;text-transform:uppercase!important;margin-bottom:1rem!important}@media (max-width:600px){.layout_587 .usg_post_image_1{width:100%!important;margin-left:0!important;margin-bottom:5%!important;margin-right:0!important}.layout_587 .usg_vwrapper_1{width:100%!important}}<\/style><div class=\"w-grid-list\">\t<article class=\"w-grid-item us_animate_afb size_1x1 post-1971 nota-de-prensa type-nota-de-prensa status-publish has-post-thumbnail hentry filtro-nota-de-premsa palabra-clave-almeria-ca palabra-clave-cap-de-gata palabra-clave-ecologistas-en-accion-ca palabra-clave-pescadores-ca palabra-clave-pescadors palabra-clave-pescartes palabra-clave-sector-pesquer\" data-id=\"1971\">\r\n\t\t<div class=\"w-grid-item-h\">\r\n\t\t\t\t\t\t\t<a href=\"https:\/\/www.med30.org\/ca\/nota-de-prensa\/macarena-molina-encara-que-al-principi-hi-havia-un-gran-rebuig-ara-els-pescadors-son-els-majors-defensors-de-la-reserva-marina\/\" class=\"w-grid-item-anchor\" aria-label=\"Macarena Molina: &#8220;Encara que al principi hi havia un gran rebuig, ara els pescadors s\u00f3n els majors defensors de la reserva marina&#8221;\"><\/a>\r\n\t\t\t\t\t\t<div class=\"w-hwrapper usg_hwrapper_1 align_none valign_top wrap\"><div class=\"w-post-elm post_image usg_post_image_1 as_circle has_width has_ratio\"><img loading=\"lazy\" decoding=\"async\" width=\"819\" height=\"1024\" src=\"https:\/\/www.med30.org\/wp-content\/uploads\/2025\/06\/Macarena-21-819x1024.png\" class=\"attachment-large size-large wp-post-image\" alt=\"\" \/><div style=\"padding-bottom:100%\"><\/div><\/div><div class=\"w-vwrapper usg_vwrapper_1 align_none valign_top\"><div class=\"w-hwrapper usg_hwrapper_3 align_none valign_middle wrap\" style=\"--hwrapper-gap:0.4rem\"><div class=\"w-post-elm post_taxonomy usg_post_taxonomy_1 style_badge color_link_inherit\"><span class=\"w-btn us-btn-style_5 term-46 term-nota-de-premsa\">Nota de premsa<\/span><\/div><div class=\"w-post-elm post_taxonomy usg_post_taxonomy_2 style_badge color_link_inherit\"><div class=\"w-post-elm-list\"><span class=\"w-btn us-btn-style_4 term-489 term-almeria-ca\">Almer\u00eda<\/span><span class=\"w-btn us-btn-style_4 term-487 term-cap-de-gata\">Cap de Gata<\/span><span class=\"w-btn us-btn-style_4 term-38 term-ecologistas-en-accion-ca\">Ecologistas En Acci\u00f3n<\/span><span class=\"w-btn us-btn-style_4 term-139 term-pescadores-ca\">pescadores<\/span><span class=\"w-btn us-btn-style_4 term-485 term-pescadors\">pescadors<\/span><span class=\"w-btn us-btn-style_4 term-488 term-pescartes\">pescartes<\/span><span class=\"w-btn us-btn-style_4 term-486 term-sector-pesquer\">sector pesquer<\/span><\/div><\/div><\/div><h2 class=\"w-post-elm post_title usg_post_title_1 has_text_color entry-title color_link_inherit\">Macarena Molina: &#8220;Encara que al principi hi havia un gran rebuig, ara els pescadors s\u00f3n els majors defensors de la reserva marina&#8221;<\/h2><div class=\"w-hwrapper usg_hwrapper_2 has_text_color align_none valign_middle wrap\"><time class=\"w-post-elm post_date usg_post_date_1 has_text_color entry-date published\" datetime=\"2025-06-26T07:20:20+02:00\">26 de juny de 2025<\/time><\/div><div class=\"w-post-elm post_content usg_post_content_1\">Macarena Molina va estudiar Ci\u00e8ncies de la mar i tamb\u00e9 \u00e9s pescadora. Amb una llarga traject\u00f2ria dedicada a la conservaci\u00f3 de l&#8217;oce\u00e0, que va passar per les reserves marines de&hellip;<\/div><\/div><\/div>\t\t<\/div>\r\n\t\t\t<\/article>\r\n\t<article class=\"w-grid-item us_animate_afb size_1x1 post-1954 nota-de-prensa type-nota-de-prensa status-publish has-post-thumbnail hentry filtro-nota-de-premsa palabra-clave-10x30-ca palabra-clave-30x30-ca palabra-clave-aagesen palabra-clave-clientearth-ca palabra-clave-govern-espanol palabra-clave-marilles-ca palabra-clave-oceana-ca palabra-clave-oceancare palabra-clave-unoc-ca\" data-id=\"1954\">\r\n\t\t<div class=\"w-grid-item-h\">\r\n\t\t\t\t\t\t\t<a href=\"https:\/\/www.med30.org\/ca\/nota-de-prensa\/conferencia-de-lonu-sobre-locea-ong-ambientals-es-reuneixen-amb-el-govern-central-per-impulsar-la-proteccio-marina-a-espanya\/\" class=\"w-grid-item-anchor\" aria-label=\"Confer\u00e8ncia de l\u2019ONU sobre l\u2019Oce\u00e0: ONG ambientals es reuneixen amb el Govern central per impulsar la protecci\u00f3 marina a Espanya\"><\/a>\r\n\t\t\t\t\t\t<div class=\"w-hwrapper usg_hwrapper_1 align_none valign_top wrap\"><div class=\"w-post-elm post_image usg_post_image_1 as_circle has_width has_ratio\"><img loading=\"lazy\" decoding=\"async\" width=\"1024\" height=\"683\" src=\"https:\/\/www.med30.org\/wp-content\/uploads\/2025\/06\/061125_OCEANA-at-UNOC-Day5-Wednesday-2131-1024x683.jpg\" class=\"attachment-large size-large wp-post-image\" alt=\"\" \/><div style=\"padding-bottom:100%\"><\/div><\/div><div class=\"w-vwrapper usg_vwrapper_1 align_none valign_top\"><div class=\"w-hwrapper usg_hwrapper_3 align_none valign_middle wrap\" style=\"--hwrapper-gap:0.4rem\"><div class=\"w-post-elm post_taxonomy usg_post_taxonomy_1 style_badge color_link_inherit\"><span class=\"w-btn us-btn-style_5 term-46 term-nota-de-premsa\">Nota de premsa<\/span><\/div><div class=\"w-post-elm post_taxonomy usg_post_taxonomy_2 style_badge color_link_inherit\"><div class=\"w-post-elm-list\"><span class=\"w-btn us-btn-style_4 term-95 term-10x30-ca\">10x30<\/span><span class=\"w-btn us-btn-style_4 term-94 term-30x30-ca\">30x30<\/span><span class=\"w-btn us-btn-style_4 term-472 term-aagesen\">Aagesen<\/span><span class=\"w-btn us-btn-style_4 term-54 term-clientearth-ca\">ClientEarth<\/span><span class=\"w-btn us-btn-style_4 term-473 term-govern-espanol\">Govern espanol<\/span><span class=\"w-btn us-btn-style_4 term-34 term-marilles-ca\">Marilles<\/span><span class=\"w-btn us-btn-style_4 term-169 term-oceana-ca\">Oceana<\/span><span class=\"w-btn us-btn-style_4 term-471 term-oceancare\">OceanCare<\/span><span class=\"w-btn us-btn-style_4 term-462 term-unoc-ca\">UNOC<\/span><\/div><\/div><\/div><h2 class=\"w-post-elm post_title usg_post_title_1 has_text_color entry-title color_link_inherit\">Confer\u00e8ncia de l\u2019ONU sobre l\u2019Oce\u00e0: ONG ambientals es reuneixen amb el Govern central per impulsar la protecci\u00f3 marina a Espanya<\/h2><div class=\"w-hwrapper usg_hwrapper_2 has_text_color align_none valign_middle wrap\"><time class=\"w-post-elm post_date usg_post_date_1 has_text_color entry-date published\" datetime=\"2025-06-11T13:03:27+02:00\">11 de juny de 2025<\/time><\/div><div class=\"w-post-elm post_content usg_post_content_1\">Ni\u00e7a, 11 de juny. Representants d&#8217;organitzacions ambientals han mantingut avui una reuni\u00f3 amb la Vicepresidenta Tercera del Govern d&#8217;Espanya i ministra per a la Transici\u00f3 Ecol\u00f2gica i el Repte Demogr\u00e0fic&hellip;<\/div><\/div><\/div>\t\t<\/div>\r\n\t\t\t<\/article>\r\n\t<article class=\"w-grid-item us_animate_afb size_1x1 post-1945 nota-de-prensa type-nota-de-prensa status-publish has-post-thumbnail hentry filtro-nota-de-premsa palabra-clave-10x30-ca palabra-clave-30x30-ca palabra-clave-med-sea-alliance-ca palabra-clave-together-for-the-med-ca palabra-clave-unoc-ca\" data-id=\"1945\">\r\n\t\t<div class=\"w-grid-item-h\">\r\n\t\t\t\t\t\t\t<a href=\"https:\/\/www.med30.org\/ca\/nota-de-prensa\/mes-de-70-ong-mediterranies-demanen-que-es-protegeixi-el-30-de-la-mar-i-que-el-10-sigui-zona-estrictament-protegida-a-nivell-regional-per-a-2030\/\" class=\"w-grid-item-anchor\" aria-label=\"M\u00e9s de 70 ONG mediterr\u00e0nies demanen que es protegeixi el 30% de la mar i que el 10% sigui zona estrictament protegida a nivell regional per a 2030\"><\/a>\r\n\t\t\t\t\t\t<div class=\"w-hwrapper usg_hwrapper_1 align_none valign_top wrap\"><div class=\"w-post-elm post_image usg_post_image_1 as_circle has_width has_ratio\"><img loading=\"lazy\" decoding=\"async\" width=\"1024\" height=\"1024\" src=\"https:\/\/www.med30.org\/wp-content\/uploads\/2025\/06\/2-linkedin-post-press-release-unoc-1024x1024.jpg\" class=\"attachment-large size-large wp-post-image\" alt=\"\" \/><div style=\"padding-bottom:100%\"><\/div><\/div><div class=\"w-vwrapper usg_vwrapper_1 align_none valign_top\"><div class=\"w-hwrapper usg_hwrapper_3 align_none valign_middle wrap\" style=\"--hwrapper-gap:0.4rem\"><div class=\"w-post-elm post_taxonomy usg_post_taxonomy_1 style_badge color_link_inherit\"><span class=\"w-btn us-btn-style_5 term-46 term-nota-de-premsa\">Nota de premsa<\/span><\/div><div class=\"w-post-elm post_taxonomy usg_post_taxonomy_2 style_badge color_link_inherit\"><div class=\"w-post-elm-list\"><span class=\"w-btn us-btn-style_4 term-95 term-10x30-ca\">10x30<\/span><span class=\"w-btn us-btn-style_4 term-94 term-30x30-ca\">30x30<\/span><span class=\"w-btn us-btn-style_4 term-463 term-med-sea-alliance-ca\">Med Sea Alliance<\/span><span class=\"w-btn us-btn-style_4 term-464 term-together-for-the-med-ca\">Together for the Med<\/span><span class=\"w-btn us-btn-style_4 term-462 term-unoc-ca\">UNOC<\/span><\/div><\/div><\/div><h2 class=\"w-post-elm post_title usg_post_title_1 has_text_color entry-title color_link_inherit\">M\u00e9s de 70 ONG mediterr\u00e0nies demanen que es protegeixi el 30% de la mar i que el 10% sigui zona estrictament protegida a nivell regional per a 2030<\/h2><div class=\"w-hwrapper usg_hwrapper_2 has_text_color align_none valign_middle wrap\"><time class=\"w-post-elm post_date usg_post_date_1 has_text_color entry-date published\" datetime=\"2025-06-10T10:50:01+02:00\">10 de juny de 2025<\/time><\/div><div class=\"w-post-elm post_content usg_post_content_1\">Ni\u00e7a (Fran\u00e7a) 10 de juny. Les dues principals coalicions per a la conservaci\u00f3 marina al Mediterrani, Med Sea Alliance i Together for the Med, que representen a m\u00e9s de 70&hellip;<\/div><\/div><\/div>\t\t<\/div>\r\n\t\t\t<\/article>\r\n\t<article class=\"w-grid-item us_animate_afb size_1x1 post-1902 nota-de-prensa type-nota-de-prensa status-publish has-post-thumbnail hentry filtro-nota-de-premsa palabra-clave-10x30-ca palabra-clave-congres-dels-diputats palabra-clave-marilles-ca palabra-clave-oceana-ca palabra-clave-proteccio-estricta\" data-id=\"1902\">\r\n\t\t<div class=\"w-grid-item-h\">\r\n\t\t\t\t\t\t\t<a href=\"https:\/\/www.med30.org\/ca\/nota-de-prensa\/oceana-demana-al-congres-protegir-de-manera-estricta-el-10-de-la-mar-a-espanya\/\" class=\"w-grid-item-anchor\" aria-label=\"Oceana demana al Congr\u00e9s protegir de manera estricta el 10% de la mar a Espanya\"><\/a>\r\n\t\t\t\t\t\t<div class=\"w-hwrapper usg_hwrapper_1 align_none valign_top wrap\"><div class=\"w-post-elm post_image usg_post_image_1 as_circle has_width has_ratio\"><img loading=\"lazy\" decoding=\"async\" width=\"1024\" height=\"768\" src=\"https:\/\/www.med30.org\/wp-content\/uploads\/2025\/05\/WhatsApp-Image-2025-05-07-at-15.34.04-1024x768.jpeg\" class=\"attachment-large size-large wp-post-image\" alt=\"\" \/><div style=\"padding-bottom:100%\"><\/div><\/div><div class=\"w-vwrapper usg_vwrapper_1 align_none valign_top\"><div class=\"w-hwrapper usg_hwrapper_3 align_none valign_middle wrap\" style=\"--hwrapper-gap:0.4rem\"><div class=\"w-post-elm post_taxonomy usg_post_taxonomy_1 style_badge color_link_inherit\"><span class=\"w-btn us-btn-style_5 term-46 term-nota-de-premsa\">Nota de premsa<\/span><\/div><div class=\"w-post-elm post_taxonomy usg_post_taxonomy_2 style_badge color_link_inherit\"><div class=\"w-post-elm-list\"><span class=\"w-btn us-btn-style_4 term-95 term-10x30-ca\">10x30<\/span><span class=\"w-btn us-btn-style_4 term-411 term-congres-dels-diputats\">Congr\u00e9s dels Diputats<\/span><span class=\"w-btn us-btn-style_4 term-34 term-marilles-ca\">Marilles<\/span><span class=\"w-btn us-btn-style_4 term-169 term-oceana-ca\">Oceana<\/span><span class=\"w-btn us-btn-style_4 term-419 term-proteccio-estricta\">protecci\u00f3 estricta<\/span><\/div><\/div><\/div><h2 class=\"w-post-elm post_title usg_post_title_1 has_text_color entry-title color_link_inherit\">Oceana demana al Congr\u00e9s protegir de manera estricta el 10% de la mar a Espanya<\/h2><div class=\"w-hwrapper usg_hwrapper_2 has_text_color align_none valign_middle wrap\"><time class=\"w-post-elm post_date usg_post_date_1 has_text_color entry-date published\" datetime=\"2025-05-13T16:33:29+02:00\">13 de maig de 2025<\/time><\/div><div class=\"w-post-elm post_content usg_post_content_1\">Oceana ha demanat al Congr\u00e9s dels Diputats incrementar la pressi\u00f3 a l&#8217;Executiu per a augmentar la superf\u00edcie de la mar protegida estrictament a Espanya, ja que el percentatge actual \u00e9s&hellip;<\/div><\/div><\/div>\t\t<\/div>\r\n\t\t\t<\/article>\r\n\t<article class=\"w-grid-item us_animate_afb size_1x1 post-1705 nota-de-prensa type-nota-de-prensa status-publish has-post-thumbnail hentry filtro-nota-de-premsa palabra-clave-10x30-ca palabra-clave-30x30-ca palabra-clave-emp palabra-clave-espacios-marinos-protegidos-ca palabra-clave-govern-espanyol palabra-clave-med30 palabra-clave-mediterraneo-ca palabra-clave-miteco-ca palabra-clave-miterd-ca\" data-id=\"1705\">\r\n\t\t<div class=\"w-grid-item-h\">\r\n\t\t\t\t\t\t\t<a href=\"https:\/\/www.med30.org\/ca\/nota-de-prensa\/les-principals-organitzacions-marines-demanen-al-govern-espanyol-avancos-en-la-proteccio-del-mediterrani\/\" class=\"w-grid-item-anchor\" aria-label=\"Les principals organitzacions marines demanen al govern espanyol avan\u00e7os en la protecci\u00f3 del Mediterrani\"><\/a>\r\n\t\t\t\t\t\t<div class=\"w-hwrapper usg_hwrapper_1 align_none valign_top wrap\"><div class=\"w-post-elm post_image usg_post_image_1 as_circle has_width has_ratio\"><img loading=\"lazy\" decoding=\"async\" width=\"1024\" height=\"768\" src=\"https:\/\/www.med30.org\/wp-content\/uploads\/2025\/03\/IMG_2378-1024x768.jpg\" class=\"attachment-large size-large wp-post-image\" alt=\"\" \/><div style=\"padding-bottom:100%\"><\/div><\/div><div class=\"w-vwrapper usg_vwrapper_1 align_none valign_top\"><div class=\"w-hwrapper usg_hwrapper_3 align_none valign_middle wrap\" style=\"--hwrapper-gap:0.4rem\"><div class=\"w-post-elm post_taxonomy usg_post_taxonomy_1 style_badge color_link_inherit\"><span class=\"w-btn us-btn-style_5 term-46 term-nota-de-premsa\">Nota de premsa<\/span><\/div><div class=\"w-post-elm post_taxonomy usg_post_taxonomy_2 style_badge color_link_inherit\"><div class=\"w-post-elm-list\"><span class=\"w-btn us-btn-style_4 term-95 term-10x30-ca\">10x30<\/span><span class=\"w-btn us-btn-style_4 term-94 term-30x30-ca\">30x30<\/span><span class=\"w-btn us-btn-style_4 term-72 term-emp\">EMP<\/span><span class=\"w-btn us-btn-style_4 term-151 term-espacios-marinos-protegidos-ca\">Espacios Marinos Protegidos<\/span><span class=\"w-btn us-btn-style_4 term-276 term-govern-espanyol\">govern espanyol<\/span><span class=\"w-btn us-btn-style_4 term-277 term-med30\">MED30<\/span><span class=\"w-btn us-btn-style_4 term-140 term-mediterraneo-ca\">Mediterr\u00e1neo<\/span><span class=\"w-btn us-btn-style_4 term-278 term-miteco-ca\">MITECO<\/span><span class=\"w-btn us-btn-style_4 term-279 term-miterd-ca\">MITERD<\/span><\/div><\/div><\/div><h2 class=\"w-post-elm post_title usg_post_title_1 has_text_color entry-title color_link_inherit\">Les principals organitzacions marines demanen al govern espanyol avan\u00e7os en la protecci\u00f3 del Mediterrani<\/h2><div class=\"w-hwrapper usg_hwrapper_2 has_text_color align_none valign_middle wrap\"><time class=\"w-post-elm post_date usg_post_date_1 has_text_color entry-date published\" datetime=\"2025-03-12T10:37:59+01:00\">12 de mar\u00e7 de 2025<\/time><\/div><div class=\"w-post-elm post_content usg_post_content_1\">Onze organitzacions dedicades a la conservaci\u00f3 de l&#8217;oce\u00e0 han traslladat al Ministeri per a la Transici\u00f3 Ecol\u00f2gica i el Repte Demogr\u00e0fic (MITERD) la necessitat que Espanya compleixi amb els seus&hellip;<\/div><\/div><\/div>\t\t<\/div>\r\n\t\t\t<\/article>\r\n\t<article class=\"w-grid-item us_animate_afb size_2x1 post-1084 nota-de-prensa type-nota-de-prensa status-publish has-post-thumbnail hentry filtro-nota-de-premsa palabra-clave-emp palabra-clave-informe-mar-balear\" data-id=\"1084\">\r\n\t\t<div class=\"w-grid-item-h\">\r\n\t\t\t\t\t\t\t<a href=\"https:\/\/www.med30.org\/ca\/nota-de-prensa\/linforme-mar-balear-demostra-limpacte-positiu-de-la-proteccio-marina\/\" class=\"w-grid-item-anchor\" aria-label=\"L\u2019Informe Mar Balear demostra l\u2019impacte positiu de la protecci\u00f3 marina\"><\/a>\r\n\t\t\t\t\t\t<div class=\"w-hwrapper usg_hwrapper_1 align_none valign_top wrap\"><div class=\"w-post-elm post_image usg_post_image_1 as_circle has_width has_ratio\"><div class=\"w-post-slider-trigger\" style=\"width:100%; left:0%;\"><\/div><img loading=\"lazy\" decoding=\"async\" width=\"1024\" height=\"768\" src=\"https:\/\/www.med30.org\/wp-content\/uploads\/2024\/06\/MARE-533_2022-1024x768.jpeg\" class=\"attachment-large size-large\" alt=\"\" \/><div style=\"padding-bottom:100%\"><\/div><\/div><div class=\"w-vwrapper usg_vwrapper_1 align_none valign_top\"><div class=\"w-hwrapper usg_hwrapper_3 align_none valign_middle wrap\" style=\"--hwrapper-gap:0.4rem\"><div class=\"w-post-elm post_taxonomy usg_post_taxonomy_1 style_badge color_link_inherit\"><span class=\"w-btn us-btn-style_5 term-46 term-nota-de-premsa\">Nota de premsa<\/span><\/div><div class=\"w-post-elm post_taxonomy usg_post_taxonomy_2 style_badge color_link_inherit\"><div class=\"w-post-elm-list\"><span class=\"w-btn us-btn-style_4 term-72 term-emp\">EMP<\/span><span class=\"w-btn us-btn-style_4 term-71 term-informe-mar-balear\">Informe Mar Balear<\/span><\/div><\/div><\/div><h2 class=\"w-post-elm post_title usg_post_title_1 has_text_color entry-title color_link_inherit\">L\u2019Informe Mar Balear demostra l\u2019impacte positiu de la protecci\u00f3 marina<\/h2><div class=\"w-hwrapper usg_hwrapper_2 has_text_color align_none valign_middle wrap\"><time class=\"w-post-elm post_date usg_post_date_1 has_text_color entry-date published\" datetime=\"2024-09-27T13:30:34+02:00\">27 de setembre de 2024<\/time><\/div><div class=\"w-post-elm post_content usg_post_content_1\">L\u2019INFORME MAR BALEAR 2024\u00a0presenta dades actualitzades sobre els diversos tipus i l\u2019estat dels\u00a0Espais Marins Protegits (EMP)\u00a0i els seus beneficis La biomassa es multiplica La comunitat de peixos vulnerable a la&hellip;<\/div><\/div><\/div>\t\t<\/div>\r\n\t\t\t<\/article>\r\n\t<article class=\"w-grid-item us_animate_afb size_1x1 post-1053 nota-de-prensa type-nota-de-prensa status-publish hentry filtro-nota-de-premsa palabra-clave-clientearth-ca palabra-clave-gob-mallorca-ca palabra-clave-greenpeace-ca palabra-clave-marilles-ca palabra-clave-mediterraneo-ca palabra-clave-mediterrani\" data-id=\"1053\">\r\n\t\t<div class=\"w-grid-item-h\">\r\n\t\t\t\t\t\t\t<a href=\"https:\/\/www.med30.org\/ca\/nota-de-prensa\/quinze-organitzacions-ecologistes-demanen-al-govern-reforcar-els-compromisos-de-proteccio-marina-a-la-mediterrania-espanyola\/\" class=\"w-grid-item-anchor\" aria-label=\"Quinze organitzacions ecologistes demanen al Govern refor\u00e7ar els compromisos de protecci\u00f3 marina a la Mediterr\u00e0nia espanyola\"><\/a>\r\n\t\t\t\t\t\t<div class=\"w-hwrapper usg_hwrapper_1 align_none valign_top wrap\"><div class=\"w-post-elm post_image usg_post_image_1 as_circle has_width has_ratio\"><div class=\"w-post-slider-trigger\" style=\"width:100%; left:0%;\"><\/div><img loading=\"lazy\" decoding=\"async\" width=\"1024\" height=\"683\" src=\"https:\/\/www.med30.org\/wp-content\/uploads\/2024\/06\/foto-ministeri1-1024x683.jpeg\" class=\"attachment-large size-large\" alt=\"\" \/><div style=\"padding-bottom:100%\"><\/div><\/div><div class=\"w-vwrapper usg_vwrapper_1 align_none valign_top\"><div class=\"w-hwrapper usg_hwrapper_3 align_none valign_middle wrap\" style=\"--hwrapper-gap:0.4rem\"><div class=\"w-post-elm post_taxonomy usg_post_taxonomy_1 style_badge color_link_inherit\"><span class=\"w-btn us-btn-style_5 term-46 term-nota-de-premsa\">Nota de premsa<\/span><\/div><div class=\"w-post-elm post_taxonomy usg_post_taxonomy_2 style_badge color_link_inherit\"><div class=\"w-post-elm-list\"><span class=\"w-btn us-btn-style_4 term-54 term-clientearth-ca\">ClientEarth<\/span><span class=\"w-btn us-btn-style_4 term-52 term-gob-mallorca-ca\">GOB Mallorca<\/span><span class=\"w-btn us-btn-style_4 term-53 term-greenpeace-ca\">Greenpeace<\/span><span class=\"w-btn us-btn-style_4 term-34 term-marilles-ca\">Marilles<\/span><span class=\"w-btn us-btn-style_4 term-140 term-mediterraneo-ca\">Mediterr\u00e1neo<\/span><span class=\"w-btn us-btn-style_4 term-36 term-mediterrani\">Mediterrani<\/span><\/div><\/div><\/div><h2 class=\"w-post-elm post_title usg_post_title_1 has_text_color entry-title color_link_inherit\">Quinze organitzacions ecologistes demanen al Govern refor\u00e7ar els compromisos de protecci\u00f3 marina a la Mediterr\u00e0nia espanyola<\/h2><div class=\"w-hwrapper usg_hwrapper_2 has_text_color align_none valign_middle wrap\"><time class=\"w-post-elm post_date usg_post_date_1 has_text_color entry-date published\" datetime=\"2024-03-06T13:39:37+01:00\">6 de mar\u00e7 de 2024<\/time><\/div><div class=\"w-post-elm post_content usg_post_content_1\">Les organitzacions demanen accions per avan\u00e7ar en la protecci\u00f3 estricta d&#8217;almenys un 10% del Mediterrani, comprom\u00e8s per Espanya A m\u00e9s, sol\u00b7liciten una governan\u00e7a participativa per a l&#8217;elaboraci\u00f3, implementaci\u00f3 i avaluaci\u00f3&hellip;<\/div><\/div><\/div>\t\t<\/div>\r\n\t\t\t<\/article>\r\n<\/div>\t<div class=\"w-grid-preloader\">\r\n\t\t<div class=\"g-preloader type_1\">\r\n\t\t\t<div><\/div>\r\n\t\t<\/div>\r\n\t<\/div>\r\n\t\t<div class=\"w-grid-json hidden\" onclick='return {&quot;action&quot;:&quot;us_ajax_grid&quot;,&quot;infinite_scroll&quot;:0,&quot;max_num_pages&quot;:1,&quot;pagination&quot;:&quot;regular&quot;,&quot;template_vars&quot;:{&quot;columns&quot;:&quot;1&quot;,&quot;exclude_items&quot;:&quot;none&quot;,&quot;img_size&quot;:&quot;default&quot;,&quot;ignore_items_size&quot;:0,&quot;items_layout&quot;:&quot;587&quot;,&quot;items_offset&quot;:&quot;1&quot;,&quot;load_animation&quot;:&quot;afb&quot;,&quot;overriding_link&quot;:&quot;%7B%22type%22%3A%22post%22%7D&quot;,&quot;post_id&quot;:0,&quot;query_args&quot;:{&quot;post_type&quot;:[&quot;nota-de-prensa&quot;],&quot;tax_query&quot;:[{&quot;taxonomy&quot;:&quot;filtro&quot;,&quot;field&quot;:&quot;slug&quot;,&quot;terms&quot;:[&quot;nota-de-prensa&quot;]}],&quot;post_status&quot;:[&quot;publish&quot;,&quot;acf-disabled&quot;],&quot;posts_per_page&quot;:&quot;20&quot;},&quot;orderby_query_args&quot;:{&quot;orderby&quot;:{&quot;date&quot;:&quot;DESC&quot;}},&quot;type&quot;:&quot;grid&quot;,&quot;us_grid_post_type&quot;:&quot;nota-de-prensa&quot;,&quot;us_grid_ajax_index&quot;:1,&quot;us_grid_filter_query_string&quot;:null,&quot;us_grid_index&quot;:1,&quot;page_args&quot;:[],&quot;lang&quot;:&quot;ca&quot;}}'><\/div>\r\n\t<\/div><\/div><\/div><\/div><\/div><\/div><\/section>\n","protected":false},"excerpt":{"rendered":"Les organitzacions demanen accions per avan\u00e7ar en la protecci\u00f3 estricta d'almenys un 10% del Mediterrani, comprom\u00e8s per Espanya A m\u00e9s, sol\u00b7liciten una governan\u00e7a participativa per a l'elaboraci\u00f3, implementaci\u00f3 i avaluaci\u00f3 dels plans de gesti\u00f3 dels espais Continuar amb el comprom\u00eds i redoblar els esfor\u00e7os per aconseguir la protecci\u00f3 efectiva del 30% del Mediterrani espanyol per...","protected":false},"author":3,"featured_media":398,"parent":0,"menu_order":0,"comment_status":"closed","ping_status":"closed","template":"","meta":{"_acf_changed":false,"footnotes":""},"class_list":["post-892","page","type-page","status-publish","has-post-thumbnail","hentry"],"acf":[],"_links":{"self":[{"href":"https:\/\/www.med30.org\/ca\/wp-json\/wp\/v2\/pages\/892","targetHints":{"allow":["GET"]}}],"collection":[{"href":"https:\/\/www.med30.org\/ca\/wp-json\/wp\/v2\/pages"}],"about":[{"href":"https:\/\/www.med30.org\/ca\/wp-json\/wp\/v2\/types\/page"}],"author":[{"embeddable":true,"href":"https:\/\/www.med30.org\/ca\/wp-json\/wp\/v2\/users\/3"}],"replies":[{"embeddable":true,"href":"https:\/\/www.med30.org\/ca\/wp-json\/wp\/v2\/comments?post=892"}],"version-history":[{"count":3,"href":"https:\/\/www.med30.org\/ca\/wp-json\/wp\/v2\/pages\/892\/revisions"}],"predecessor-version":[{"id":1870,"href":"https:\/\/www.med30.org\/ca\/wp-json\/wp\/v2\/pages\/892\/revisions\/1870"}],"wp:featuredmedia":[{"embeddable":true,"href":"https:\/\/www.med30.org\/ca\/wp-json\/wp\/v2\/media\/398"}],"wp:attachment":[{"href":"https:\/\/www.med30.org\/ca\/wp-json\/wp\/v2\/media?parent=892"}],"curies":[{"name":"wp","href":"https:\/\/api.w.org\/{rel}","templated":true}]}}