{"id":893,"date":"2024-05-23T19:22:05","date_gmt":"2024-05-23T17:22:05","guid":{"rendered":"https:\/\/www.med30.org\/politica-de-cookies\/"},"modified":"2024-09-06T10:16:32","modified_gmt":"2024-09-06T08:16:32","slug":"politica-de-cookies","status":"publish","type":"page","link":"https:\/\/www.med30.org\/ca\/politica-de-cookies\/","title":{"rendered":"Pol\u00edtica de cookies"},"content":{"rendered":"<section class=\"l-section wpb_row height_medium\"><div class=\"l-section-h i-cf\"><div class=\"g-cols vc_row via_flex valign_top type_default stacking_default\"><div class=\"vc_col-sm-12 wpb_column vc_column_container\"><div class=\"vc_column-inner\"><div class=\"wpb_wrapper\"><div class=\"wpb_text_column\"><div class=\"wpb_wrapper\"><h3><b>Pol\u00edtica de cookies<\/b><\/h3>\n<p> Les cookies s\u00f3n arxius que es poden descarregar al vostre equip a trav\u00e9s de les p\u00e0gines web. S\u00f3n eines que tenen un paper essencial per a la prestaci\u00f3 de nombrosos serveis de la societat de la informaci\u00f3. Entre altres, permeten a una p\u00e0gina web emmagatzemar i recuperar informaci\u00f3 sobre els h\u00e0bits de navegaci\u00f3 d&#8217;un usuari o del vostre equip i, depenent de la informaci\u00f3 obtinguda, es poden utilitzar per recon\u00e8ixer l&#8217;usuari i millorar el servei ofert.   <\/p>\n<h3><b>Tipus de cookies<\/b><\/h3>\n<p> Segons qui sigui l&#8217;entitat que gestioni el domini des d&#8217;on s&#8217;envien les galetes i tracti les dades que s&#8217;obtinguin es poden distingir dos tipus: galetes pr\u00f2pies i galetes de tercers. Hi ha tamb\u00e9 una segona classificaci\u00f3 segons el termini de temps que romanen emmagatzemades al navegador del client, podent tractar-se de cookies de sessi\u00f3 o cookies persistents. Finalment, hi ha una altra classificaci\u00f3 amb cinc tipus de galetes segons la finalitat per a la qual es tractin les dades obtingudes: galetes t\u00e8cniques, galetes de personalitzaci\u00f3, galetes d&#8217;an\u00e0lisi, galetes publicit\u00e0ries i galetes de publicitat comportamental.   <a href=\"https:\/\/www.aepd.es\/es\/documento\/guia-cookies.pdf\">Guia sobre l&#8217;\u00fas de les galetes de l&#8217;Ag\u00e8ncia Espanyola de Protecci\u00f3 de Dades.<\/a><\/p>\n<h3><b>Cookies utilitzades a la web<\/b><\/h3>\n<p> _ ICL_CURRENT_LANGUAGE Cookie Funcional: wp-wpml_current_language l complement multiling\u00fce de WordPress configura aquesta galeta per emmagatzemar la configuraci\u00f3 d&#8217;idioma\/idioma actual. <\/p>\n<h3><b>Acceptaci\u00f3 de la Pol\u00edtica de cookies<\/b><\/h3>\n<p> Med30.org assumeix que accepteu l&#8217;\u00fas de galetes. No obstant aix\u00f2, a la part inferior de qualsevol p\u00e0gina del Portal <a href=\"http:\/\/www.med30.org\/\">www.med30.org<\/a> es mostrar\u00e0 informaci\u00f3 sobre la Pol\u00edtica de cookies per tal que vost\u00e8 sigui conscient. Davant d&#8217;aquesta informaci\u00f3 \u00e9s possible dur a terme les accions seg\u00fcents:   <\/p>\n<ul>\n<li aria-level=\"1\">Acceptar cookies: si l&#8217;usuari prem el bot\u00f3 d&#8217;acceptaci\u00f3, no es tornar\u00e0 a visualitzar aquest av\u00eds en accedir a qualsevol p\u00e0gina del portal <a href=\"http:\/\/www.med30.org\/\">www.med30.org<\/a>.<\/li>\n<li aria-level=\"1\">Revisar la Pol\u00edtica de cookies: L&#8217;usuari podr\u00e0 accedir a aquesta p\u00e0gina on es detalla l&#8217;\u00fas de cookies, aix\u00ed com els enlla\u00e7os per modificar la configuraci\u00f3 del navegador.<\/li>\n<\/ul>\n<h3><b>Com modificar la configuraci\u00f3 de les cookies<\/b><\/h3>\n<p> Podeu restringir, bloquejar o esborrar les galetes de Med30.org o qualsevol altra p\u00e0gina web, utilitzant el vostre navegador. A cada navegador l&#8217;operativa \u00e9s diferent, la funci\u00f3 de \u201cAjuda\u201d us mostrar\u00e0 com fer-ho.  <\/p>\n<ul>\n<li aria-level=\"1\"><a href=\"https:\/\/support.microsoft.com\/es-es\/help\/17442\/windows-internet-explorer-delete-manage-cookies#ie=ie-10\">Internet Explorer<\/a><\/li>\n<li aria-level=\"1\"><a href=\"https:\/\/support.mozilla.org\/es\/kb\/Borrar%20cookies\">FireFox<\/a><\/li>\n<li aria-level=\"1\"><a href=\"https:\/\/support.google.com\/accounts\/answer\/61416?hl=es\">Chrome <\/a><\/li>\n<li aria-level=\"1\"><a href=\"https:\/\/www.apple.com\/legal\/privacy\/es\/cookies\/\">Safari<\/a><\/li>\n<\/ul>\n<\/div><\/div><\/div><\/div><\/div><\/div><\/div><\/section>\n","protected":false},"excerpt":{"rendered":"Pol\u00edtica de cookies Les cookies s\u00f3n arxius que es poden descarregar al vostre equip a trav\u00e9s de les p\u00e0gines web. S\u00f3n eines que tenen un paper essencial per a la prestaci\u00f3 de nombrosos serveis de la societat de la informaci\u00f3. Entre altres, permeten a una p\u00e0gina web emmagatzemar i recuperar informaci\u00f3 sobre els h\u00e0bits de...","protected":false},"author":1,"featured_media":0,"parent":0,"menu_order":0,"comment_status":"closed","ping_status":"closed","template":"","meta":{"_acf_changed":false,"footnotes":""},"class_list":["post-893","page","type-page","status-publish","hentry"],"acf":[],"_links":{"self":[{"href":"https:\/\/www.med30.org\/ca\/wp-json\/wp\/v2\/pages\/893","targetHints":{"allow":["GET"]}}],"collection":[{"href":"https:\/\/www.med30.org\/ca\/wp-json\/wp\/v2\/pages"}],"about":[{"href":"https:\/\/www.med30.org\/ca\/wp-json\/wp\/v2\/types\/page"}],"author":[{"embeddable":true,"href":"https:\/\/www.med30.org\/ca\/wp-json\/wp\/v2\/users\/1"}],"replies":[{"embeddable":true,"href":"https:\/\/www.med30.org\/ca\/wp-json\/wp\/v2\/comments?post=893"}],"version-history":[{"count":4,"href":"https:\/\/www.med30.org\/ca\/wp-json\/wp\/v2\/pages\/893\/revisions"}],"predecessor-version":[{"id":898,"href":"https:\/\/www.med30.org\/ca\/wp-json\/wp\/v2\/pages\/893\/revisions\/898"}],"wp:attachment":[{"href":"https:\/\/www.med30.org\/ca\/wp-json\/wp\/v2\/media?parent=893"}],"curies":[{"name":"wp","href":"https:\/\/api.w.org\/{rel}","templated":true}]}}