{"id":901,"date":"2024-05-15T13:03:37","date_gmt":"2024-05-15T11:03:37","guid":{"rendered":"https:\/\/www.med30.org\/per-que-protegir-el-mar-mediterrani\/"},"modified":"2024-10-10T09:59:08","modified_gmt":"2024-10-10T07:59:08","slug":"per-que-protegir-el-mar-mediterrani","status":"publish","type":"page","link":"https:\/\/www.med30.org\/ca\/per-que-protegir-el-mar-mediterrani\/","title":{"rendered":"Per qu\u00e8 protegir el mar Mediterrani?"},"content":{"rendered":"<section class=\"l-section wpb_row us_custom_60e9caca us_animate_this height_large\"><div class=\"l-section-h i-cf\"><div class=\"g-cols vc_row via_flex valign_top type_default stacking_default\"><div class=\"vc_col-sm-6 wpb_column vc_column_container\"><div class=\"vc_column-inner\"><div class=\"wpb_wrapper\"><div class=\"wpb_text_column\"><div class=\"wpb_wrapper\"><p>El mar Mediterrani \u00e9s una de les <a href=\"https:\/\/www.unep.org\/unepmap\/resources\/factsheets\/biological-diversity#:~:text=The%20Mediterranean%20is%20\">reserves<\/a> de biodiversitat marina i costanera m\u00e9s grans del planeta. Les seves aig\u00fces acullen unes 17.000 esp\u00e8cies marines, el 7,5% de la fauna marina mundial i el 18% de la flora marina. Tamb\u00e9 compta amb zones amb una gran concentraci\u00f3 d&#8217;esp\u00e8cies amb import\u00e0ncia ecol\u00f2gica.<\/p>\n<\/div><\/div><\/div><\/div><\/div><div class=\"vc_col-sm-6 wpb_column vc_column_container\"><div class=\"vc_column-inner\"><div class=\"wpb_wrapper\"><div class=\"wpb_text_column\"><div class=\"wpb_wrapper\"><p>Tot i aix\u00ed, \u00e9s un dels mars <a href=\"https:\/\/www.csic.es\/es\/actualidad-del-csic\/la-biodiversidad-del-mar-mediterraneo-es-la-mas-amenazada-del-planeta\">m\u00e9s amena\u00e7ats del m\u00f3n<\/a>. La pesca destructiva com l&#8217;arrossegament, la <a href=\"https:\/\/www.fao.org\/3\/cc3370en\/cc3370en.pdf\">sobreexplotaci\u00f3<\/a> pesquera, una gran i creixent pressi\u00f3 humana, la contaminaci\u00f3, la introducci\u00f3 d&#8217;esp\u00e8cies invasores o l&#8217;augment de temperatura s\u00f3n alguns dels desafiaments m\u00e9s grans per a la biodiversitat marina.<\/p>\n<\/div><\/div><\/div><\/div><\/div><\/div><\/div><\/section><section class=\"l-section wpb_row us_custom_1f65a9b8 us_animate_this height_large\"><div class=\"l-section-h i-cf\"><div class=\"g-cols vc_row via_flex valign_top type_default stacking_default\"><div class=\"vc_col-sm-6 wpb_column vc_column_container\"><div class=\"vc_column-inner\"><div class=\"wpb_wrapper\"><div class=\"wpb_text_column us_custom_7c701dfd\"><div class=\"wpb_wrapper\"><h1 style=\"text-align: left;\">Font de prosperitat<\/h1>\n<\/div><\/div><div class=\"w-separator size_small\"><\/div><div class=\"wpb_text_column\"><div class=\"wpb_wrapper\"><p style=\"text-align: left;\">Des de l&#8217;estret de Gibraltar fins a l&#8217;estret de Dardanels, la Mediterr\u00e0nia \u00e9s font de vida i <a href=\"https:\/\/wwfes.awsassets.panda.org\/downloads\/reviving_mediterranean_sea_economy_full_rep_lowres.pdf?45141\/Infor-me-Revivir-la-economa-del-Mar-Mediterrneo-acciones-para-un-futuro-sostenible\">prosperitat<\/a>.<\/p>\n<\/div><\/div><\/div><\/div><\/div><div class=\"vc_col-sm-6 wpb_column vc_column_container\"><div class=\"vc_column-inner\"><div class=\"wpb_wrapper\"><div class=\"wpb_text_column\"><div class=\"wpb_wrapper\"><h5 style=\"text-align: left;\">Uns 150 milions de persones viuen i depenen d&#8217;aquest mar.<\/h5>\n<h5 style=\"text-align: left;\">S&#8217;estima que el valor global dels seus actius naturals supera els 4,66 bilions d&#8217;euros.<\/h5>\n<\/div><\/div><\/div><\/div><\/div><\/div><\/div><\/section><section class=\"l-section wpb_row height_large with_shape\"><div class=\"l-section-overlay\" style=\"background:#62B6F3\"><\/div><div class=\"l-section-shape type_wave pos_top\" style=\"height:15vmin;\"><svg xmlns=\"http:\/\/www.w3.org\/2000\/svg\" viewBox=\"0 4 64 4\" preserveAspectRatio=\"none\" width=\"100%\" height=\"100%\">\r\n\t<path fill=\"currentColor\" d=\"M64 6 C32 0 32 12 0 6 L0 8 L64 8 Z\"\/>\r\n<\/svg><\/div><div class=\"l-section-h i-cf\"><div class=\"g-cols vc_row via_flex valign_top type_default stacking_default\"><div class=\"vc_col-sm-2 wpb_column vc_column_container\"><div class=\"vc_column-inner\"><div class=\"wpb_wrapper\"><\/div><\/div><\/div><div class=\"vc_col-sm-8 wpb_column vc_column_container\"><div class=\"vc_column-inner\"><div class=\"wpb_wrapper\"><div class=\"w-separator size_huge\"><\/div><div class=\"wpb_text_column us_custom_18b8ca38 has_text_color us_animate_this\"><div class=\"wpb_wrapper\"><h4 style=\"text-align: center;\">La iniciativa global 30&#215;30 \u00e9s una oportunitat per protegir la riquesa del Mediterrani i convertir-lo en una xarxa d&#8217;\u00e0<span>rees de protecci\u00f3 estricta.<\/span><\/h4>\n<\/div><\/div><div class=\"w-separator size_large\"><\/div><\/div><\/div><\/div><div class=\"vc_col-sm-2 wpb_column vc_column_container\"><div class=\"vc_column-inner\"><div class=\"wpb_wrapper\"><\/div><\/div><\/div><\/div><\/div><\/section>\n","protected":false},"excerpt":{"rendered":"El mar Mediterrani \u00e9s una de les reserves de biodiversitat marina i costanera m\u00e9s grans del planeta. Les seves aig\u00fces acullen unes 17.000 esp\u00e8cies marines, el 7,5% de la fauna marina mundial i el 18% de la flora marina. Tamb\u00e9 compta amb zones amb una gran concentraci\u00f3 d&#8217;esp\u00e8cies amb import\u00e0ncia ecol\u00f2gica. Tot i aix\u00ed, \u00e9s...","protected":false},"author":3,"featured_media":375,"parent":0,"menu_order":0,"comment_status":"closed","ping_status":"closed","template":"","meta":{"_acf_changed":false,"footnotes":""},"class_list":["post-901","page","type-page","status-publish","has-post-thumbnail","hentry"],"acf":[],"_links":{"self":[{"href":"https:\/\/www.med30.org\/ca\/wp-json\/wp\/v2\/pages\/901","targetHints":{"allow":["GET"]}}],"collection":[{"href":"https:\/\/www.med30.org\/ca\/wp-json\/wp\/v2\/pages"}],"about":[{"href":"https:\/\/www.med30.org\/ca\/wp-json\/wp\/v2\/types\/page"}],"author":[{"embeddable":true,"href":"https:\/\/www.med30.org\/ca\/wp-json\/wp\/v2\/users\/3"}],"replies":[{"embeddable":true,"href":"https:\/\/www.med30.org\/ca\/wp-json\/wp\/v2\/comments?post=901"}],"version-history":[{"count":3,"href":"https:\/\/www.med30.org\/ca\/wp-json\/wp\/v2\/pages\/901\/revisions"}],"predecessor-version":[{"id":1208,"href":"https:\/\/www.med30.org\/ca\/wp-json\/wp\/v2\/pages\/901\/revisions\/1208"}],"wp:featuredmedia":[{"embeddable":true,"href":"https:\/\/www.med30.org\/ca\/wp-json\/wp\/v2\/media\/375"}],"wp:attachment":[{"href":"https:\/\/www.med30.org\/ca\/wp-json\/wp\/v2\/media?parent=901"}],"curies":[{"name":"wp","href":"https:\/\/api.w.org\/{rel}","templated":true}]}}